{"id":91,"date":"2023-12-02T11:41:30","date_gmt":"2023-12-02T10:41:30","guid":{"rendered":"https:\/\/avantis.world\/?page_id=91"},"modified":"2025-12-14T21:19:36","modified_gmt":"2025-12-14T20:19:36","slug":"scenarios-de-la-communaute","status":"publish","type":"page","link":"https:\/\/avantis.world\/index.php\/aides-de-jeu\/scenarios-de-la-communaute\/","title":{"rendered":"Sc\u00e9narios de la communaut\u00e9"},"content":{"rendered":"\t\t<div data-elementor-type=\"wp-page\" data-elementor-id=\"91\" class=\"elementor elementor-91\">\n\t\t\t\t<div class=\"elementor-element elementor-element-50fa78bd e-flex e-con-boxed e-con e-parent\" data-id=\"50fa78bd\" data-element_type=\"container\" data-e-type=\"container\">\n\t\t\t\t\t<div class=\"e-con-inner\">\n\t\t<div class=\"elementor-element elementor-element-4e7e820d e-con-full e-flex e-con e-child\" data-id=\"4e7e820d\" data-element_type=\"container\" data-e-type=\"container\">\n\t\t\t\t<div class=\"elementor-element elementor-element-5c33fef8 elementor-widget elementor-widget-heading\" data-id=\"5c33fef8\" data-element_type=\"widget\" data-e-type=\"widget\" data-widget_type=\"heading.default\">\n\t\t\t\t<div class=\"elementor-widget-container\">\n\t\t\t\t\t<h2 class=\"elementor-heading-title elementor-size-default\">La Sc\u00e9narioth\u00e8que d'Avantis<\/h2>\t\t\t\t<\/div>\n\t\t\t\t<\/div>\n\t\t\t\t<\/div>\n\t\t\t\t\t<\/div>\n\t\t\t\t<\/div>\n\t\t<div class=\"elementor-element elementor-element-5f4760d e-flex e-con-boxed e-con e-parent\" data-id=\"5f4760d\" data-element_type=\"container\" data-e-type=\"container\">\n\t\t\t\t\t<div class=\"e-con-inner\">\n\t\t<div class=\"elementor-element elementor-element-12fa272 e-con-full e-flex e-con e-child\" data-id=\"12fa272\" data-element_type=\"container\" data-e-type=\"container\">\n\t\t\t\t<div class=\"elementor-element elementor-element-c76144b elementor-widget elementor-widget-wp-widget-nav_menu\" data-id=\"c76144b\" data-element_type=\"widget\" data-e-type=\"widget\" data-widget_type=\"wp-widget-nav_menu.default\">\n\t\t\t\t<div class=\"elementor-widget-container\">\n\t\t\t\t\t<div class=\"menu-scenarios-container\"><ul id=\"menu-scenarios\" class=\"menu\"><li id=\"menu-item-2695\" class=\"menu-item menu-item-type-post_type menu-item-object-page menu-item-2695\"><a href=\"https:\/\/avantis.world\/index.php\/aides-de-jeu\/scenarios-de-la-communaute\/scenarios-historiques\/\">Historiques<\/a><\/li>\n<li id=\"menu-item-2696\" class=\"menu-item menu-item-type-post_type menu-item-object-page menu-item-2696\"><a href=\"https:\/\/avantis.world\/index.php\/aides-de-jeu\/scenarios-de-la-communaute\/scenarios-humoristiques-decales\/\">Humoristiques \/ D\u00e9cal\u00e9s<\/a><\/li>\n<li id=\"menu-item-2697\" class=\"menu-item menu-item-type-post_type menu-item-object-page menu-item-2697\"><a href=\"https:\/\/avantis.world\/index.php\/aides-de-jeu\/scenarios-de-la-communaute\/scenarios-evasion-escape-game\/\">\u00c9vasions \/ Escape Games<\/a><\/li>\n<li id=\"menu-item-2698\" class=\"menu-item menu-item-type-post_type menu-item-object-page menu-item-2698\"><a href=\"https:\/\/avantis.world\/index.php\/aides-de-jeu\/scenarios-de-la-communaute\/scenarios-horreur-surnaturel\/\">Horreurs \/ Surnaturels<\/a><\/li>\n<li id=\"menu-item-2699\" class=\"menu-item menu-item-type-post_type menu-item-object-page menu-item-2699\"><a href=\"https:\/\/avantis.world\/index.php\/aides-de-jeu\/scenarios-de-la-communaute\/scenarios-intrigue-politique-diplomatie\/\">Intrigues politiques \/ Diplomaties<\/a><\/li>\n<li id=\"menu-item-2700\" class=\"menu-item menu-item-type-post_type menu-item-object-page menu-item-2700\"><a href=\"https:\/\/avantis.world\/index.php\/aides-de-jeu\/scenarios-de-la-communaute\/scenarios-conflit-combat\/\">Conflits \/ Combats<\/a><\/li>\n<li id=\"menu-item-2701\" class=\"menu-item menu-item-type-post_type menu-item-object-page menu-item-2701\"><a href=\"https:\/\/avantis.world\/index.php\/aides-de-jeu\/scenarios-de-la-communaute\/scenarios-survie\/\">Survies<\/a><\/li>\n<li id=\"menu-item-2702\" class=\"menu-item menu-item-type-post_type menu-item-object-page menu-item-2702\"><a href=\"https:\/\/avantis.world\/index.php\/aides-de-jeu\/scenarios-de-la-communaute\/scenarios\/\">Explorations \/ Aventures<\/a><\/li>\n<\/ul><\/div>\t\t\t\t<\/div>\n\t\t\t\t<\/div>\n\t\t\t\t<\/div>\n\t\t<div class=\"elementor-element elementor-element-f166438 e-con-full e-flex e-con e-child\" data-id=\"f166438\" data-element_type=\"container\" data-e-type=\"container\">\n\t\t\t\t<div class=\"elementor-element elementor-element-5c81fa63 elementor-widget elementor-widget-image\" data-id=\"5c81fa63\" data-element_type=\"widget\" data-e-type=\"widget\" data-widget_type=\"image.default\">\n\t\t\t\t<div class=\"elementor-widget-container\">\n\t\t\t\t\t\t\t\t\t\t\t\t\t\t\t<img fetchpriority=\"high\" decoding=\"async\" width=\"1024\" height=\"683\" src=\"https:\/\/avantis.world\/wp-content\/uploads\/2025\/12\/scenario_fond-1024x683.webp\" class=\"attachment-large size-large wp-image-2728\" alt=\"\" srcset=\"https:\/\/avantis.world\/wp-content\/uploads\/2025\/12\/scenario_fond-1024x683.webp 1024w, https:\/\/avantis.world\/wp-content\/uploads\/2025\/12\/scenario_fond-300x200.webp 300w, https:\/\/avantis.world\/wp-content\/uploads\/2025\/12\/scenario_fond-768x512.webp 768w, https:\/\/avantis.world\/wp-content\/uploads\/2025\/12\/scenario_fond.webp 1536w\" sizes=\"(max-width: 1024px) 100vw, 1024px\" \/>\t\t\t\t\t\t\t\t\t\t\t\t\t\t\t<\/div>\n\t\t\t\t<\/div>\n\t\t\t\t<div class=\"elementor-element elementor-element-480ed66d elementor-widget elementor-widget-text-editor\" data-id=\"480ed66d\" data-element_type=\"widget\" data-e-type=\"widget\" data-widget_type=\"text-editor.default\">\n\t\t\t\t<div class=\"elementor-widget-container\">\n\t\t\t\t\t\t\t\t\t<p style=\"margin-bottom: 1.4em; color: #c0c0c0; font-family: Arial, sans-serif; font-size: 14px; font-style: normal; font-variant-ligatures: normal; font-variant-caps: normal; font-weight: 400;\"><strong data-start=\"83\" data-end=\"114\">La Sc\u00e9narioth\u00e8que d\u2019Avantis<\/strong> rassemble des aventures pr\u00eates \u00e0 jouer, class\u00e9es par th\u00e8mes, peuples et r\u00e9gions des terres de <a href=\"https:\/\/avantis.world\/index.php\/encyclopedie-davantis-world\/topographie\/khora\/\">Khora<\/a>. Chaque sc\u00e9nario est con\u00e7u pour nourrir la <a href=\"https:\/\/avantis.world\/index.php\/2025\/12\/15\/lunivers-davantis-en-1-minute-s01e01-khora-continent-sauvage\/\">narration<\/a>, l\u2019exploration et les dilemmes humains. Qu\u2019il s\u2019agisse d\u2019un court voyage initiatique ou d\u2019un arc plus sombre, ces r\u00e9cits sont des portes ouvertes vers un monde en ruine, vivant et indompt\u00e9.<\/p>\t\t\t\t\t\t\t\t<\/div>\n\t\t\t\t<\/div>\n\t\t\t\t<\/div>\n\t\t\t\t\t<\/div>\n\t\t\t\t<\/div>\n\t\t\t\t<\/div>\n\t\t","protected":false},"excerpt":{"rendered":"<p>La Sc\u00e9narioth\u00e8que d&rsquo;Avantis La Sc\u00e9narioth\u00e8que d\u2019Avantis rassemble des aventures pr\u00eates \u00e0 jouer, class\u00e9es par th\u00e8mes, peuples et r\u00e9gions des terres de Khora. Chaque sc\u00e9nario est con\u00e7u pour nourrir la narration, l\u2019exploration et les dilemmes humains. Qu\u2019il s\u2019agisse d\u2019un court voyage initiatique ou d\u2019un arc plus sombre, ces r\u00e9cits sont des portes ouvertes vers un monde [&hellip;]<\/p>\n","protected":false},"author":1,"featured_media":0,"parent":1905,"menu_order":4,"comment_status":"closed","ping_status":"closed","template":"","meta":{"ocean_post_layout":"","ocean_both_sidebars_style":"","ocean_both_sidebars_content_width":0,"ocean_both_sidebars_sidebars_width":0,"ocean_sidebar":"","ocean_second_sidebar":"","ocean_disable_margins":"enable","ocean_add_body_class":"","ocean_shortcode_before_top_bar":"","ocean_shortcode_after_top_bar":"","ocean_shortcode_before_header":"","ocean_shortcode_after_header":"","ocean_has_shortcode":"","ocean_shortcode_after_title":"","ocean_shortcode_before_footer_widgets":"","ocean_shortcode_after_footer_widgets":"","ocean_shortcode_before_footer_bottom":"","ocean_shortcode_after_footer_bottom":"","ocean_display_top_bar":"default","ocean_display_header":"default","ocean_header_style":"","ocean_center_header_left_menu":"","ocean_custom_header_template":"","ocean_custom_logo":0,"ocean_custom_retina_logo":0,"ocean_custom_logo_max_width":0,"ocean_custom_logo_tablet_max_width":0,"ocean_custom_logo_mobile_max_width":0,"ocean_custom_logo_max_height":0,"ocean_custom_logo_tablet_max_height":0,"ocean_custom_logo_mobile_max_height":0,"ocean_header_custom_menu":"","ocean_menu_typo_font_family":"","ocean_menu_typo_font_subset":"","ocean_menu_typo_font_size":0,"ocean_menu_typo_font_size_tablet":0,"ocean_menu_typo_font_size_mobile":0,"ocean_menu_typo_font_size_unit":"px","ocean_menu_typo_font_weight":"","ocean_menu_typo_font_weight_tablet":"","ocean_menu_typo_font_weight_mobile":"","ocean_menu_typo_transform":"","ocean_menu_typo_transform_tablet":"","ocean_menu_typo_transform_mobile":"","ocean_menu_typo_line_height":0,"ocean_menu_typo_line_height_tablet":0,"ocean_menu_typo_line_height_mobile":0,"ocean_menu_typo_line_height_unit":"","ocean_menu_typo_spacing":0,"ocean_menu_typo_spacing_tablet":0,"ocean_menu_typo_spacing_mobile":0,"ocean_menu_typo_spacing_unit":"","ocean_menu_link_color":"","ocean_menu_link_color_hover":"","ocean_menu_link_color_active":"","ocean_menu_link_background":"","ocean_menu_link_hover_background":"","ocean_menu_link_active_background":"","ocean_menu_social_links_bg":"","ocean_menu_social_hover_links_bg":"","ocean_menu_social_links_color":"","ocean_menu_social_hover_links_color":"","ocean_disable_title":"default","ocean_disable_heading":"default","ocean_post_title":"","ocean_post_subheading":"","ocean_post_title_style":"","ocean_post_title_background_color":"","ocean_post_title_background":0,"ocean_post_title_bg_image_position":"","ocean_post_title_bg_image_attachment":"","ocean_post_title_bg_image_repeat":"","ocean_post_title_bg_image_size":"","ocean_post_title_height":0,"ocean_post_title_bg_overlay":0.5,"ocean_post_title_bg_overlay_color":"","ocean_disable_breadcrumbs":"default","ocean_breadcrumbs_color":"","ocean_breadcrumbs_separator_color":"","ocean_breadcrumbs_links_color":"","ocean_breadcrumbs_links_hover_color":"","ocean_display_footer_widgets":"default","ocean_display_footer_bottom":"default","ocean_custom_footer_template":"","footnotes":""},"class_list":["post-91","page","type-page","status-publish","hentry","entry"],"yoast_head":"<!-- This site is optimized with the Yoast SEO plugin v27.4 - https:\/\/yoast.com\/product\/yoast-seo-wordpress\/ -->\n<title>Sc\u00e9narios de la communaut\u00e9 -<\/title>\n<meta name=\"robots\" content=\"index, follow, max-snippet:-1, max-image-preview:large, max-video-preview:-1\" \/>\n<link rel=\"canonical\" href=\"https:\/\/avantis.world\/index.php\/aides-de-jeu\/scenarios-de-la-communaute\/\" \/>\n<meta property=\"og:locale\" content=\"fr_FR\" \/>\n<meta property=\"og:type\" content=\"article\" \/>\n<meta property=\"og:title\" content=\"Sc\u00e9narios de la communaut\u00e9 -\" \/>\n<meta property=\"og:description\" content=\"La Sc\u00e9narioth\u00e8que d&rsquo;Avantis La Sc\u00e9narioth\u00e8que d\u2019Avantis rassemble des aventures pr\u00eates \u00e0 jouer, class\u00e9es par th\u00e8mes, peuples et r\u00e9gions des terres de Khora. Chaque sc\u00e9nario est con\u00e7u pour nourrir la narration, l\u2019exploration et les dilemmes humains. Qu\u2019il s\u2019agisse d\u2019un court voyage initiatique ou d\u2019un arc plus sombre, ces r\u00e9cits sont des portes ouvertes vers un monde [&hellip;]\" \/>\n<meta property=\"og:url\" content=\"https:\/\/avantis.world\/index.php\/aides-de-jeu\/scenarios-de-la-communaute\/\" \/>\n<meta property=\"article:modified_time\" content=\"2025-12-14T20:19:36+00:00\" \/>\n<meta property=\"og:image\" content=\"https:\/\/avantis.world\/wp-content\/uploads\/2025\/12\/scenario_fond.webp\" \/>\n\t<meta property=\"og:image:width\" content=\"1536\" \/>\n\t<meta property=\"og:image:height\" content=\"1024\" \/>\n\t<meta property=\"og:image:type\" content=\"image\/webp\" \/>\n<meta name=\"twitter:card\" content=\"summary_large_image\" \/>\n<meta name=\"twitter:label1\" content=\"Dur\u00e9e de lecture estim\u00e9e\" \/>\n\t<meta name=\"twitter:data1\" content=\"1 minute\" \/>\n<script type=\"application\/ld+json\" class=\"yoast-schema-graph\">{\"@context\":\"https:\\\/\\\/schema.org\",\"@graph\":[{\"@type\":\"WebPage\",\"@id\":\"https:\\\/\\\/avantis.world\\\/index.php\\\/aides-de-jeu\\\/scenarios-de-la-communaute\\\/\",\"url\":\"https:\\\/\\\/avantis.world\\\/index.php\\\/aides-de-jeu\\\/scenarios-de-la-communaute\\\/\",\"name\":\"Sc\u00e9narios de la communaut\u00e9 -\",\"isPartOf\":{\"@id\":\"https:\\\/\\\/avantis.world\\\/#website\"},\"primaryImageOfPage\":{\"@id\":\"https:\\\/\\\/avantis.world\\\/index.php\\\/aides-de-jeu\\\/scenarios-de-la-communaute\\\/#primaryimage\"},\"image\":{\"@id\":\"https:\\\/\\\/avantis.world\\\/index.php\\\/aides-de-jeu\\\/scenarios-de-la-communaute\\\/#primaryimage\"},\"thumbnailUrl\":\"https:\\\/\\\/avantis.world\\\/wp-content\\\/uploads\\\/2025\\\/12\\\/scenario_fond-1024x683.webp\",\"datePublished\":\"2023-12-02T10:41:30+00:00\",\"dateModified\":\"2025-12-14T20:19:36+00:00\",\"breadcrumb\":{\"@id\":\"https:\\\/\\\/avantis.world\\\/index.php\\\/aides-de-jeu\\\/scenarios-de-la-communaute\\\/#breadcrumb\"},\"inLanguage\":\"fr-FR\",\"potentialAction\":[{\"@type\":\"ReadAction\",\"target\":[\"https:\\\/\\\/avantis.world\\\/index.php\\\/aides-de-jeu\\\/scenarios-de-la-communaute\\\/\"]}]},{\"@type\":\"ImageObject\",\"inLanguage\":\"fr-FR\",\"@id\":\"https:\\\/\\\/avantis.world\\\/index.php\\\/aides-de-jeu\\\/scenarios-de-la-communaute\\\/#primaryimage\",\"url\":\"https:\\\/\\\/avantis.world\\\/wp-content\\\/uploads\\\/2025\\\/12\\\/scenario_fond.webp\",\"contentUrl\":\"https:\\\/\\\/avantis.world\\\/wp-content\\\/uploads\\\/2025\\\/12\\\/scenario_fond.webp\",\"width\":1536,\"height\":1024},{\"@type\":\"BreadcrumbList\",\"@id\":\"https:\\\/\\\/avantis.world\\\/index.php\\\/aides-de-jeu\\\/scenarios-de-la-communaute\\\/#breadcrumb\",\"itemListElement\":[{\"@type\":\"ListItem\",\"position\":1,\"name\":\"Accueil\",\"item\":\"https:\\\/\\\/avantis.world\\\/\"},{\"@type\":\"ListItem\",\"position\":2,\"name\":\"Aides de jeu\",\"item\":\"https:\\\/\\\/avantis.world\\\/index.php\\\/aides-de-jeu\\\/\"},{\"@type\":\"ListItem\",\"position\":3,\"name\":\"Sc\u00e9narios de la communaut\u00e9\"}]},{\"@type\":\"WebSite\",\"@id\":\"https:\\\/\\\/avantis.world\\\/#website\",\"url\":\"https:\\\/\\\/avantis.world\\\/\",\"name\":\"\",\"description\":\"\",\"potentialAction\":[{\"@type\":\"SearchAction\",\"target\":{\"@type\":\"EntryPoint\",\"urlTemplate\":\"https:\\\/\\\/avantis.world\\\/?s={search_term_string}\"},\"query-input\":{\"@type\":\"PropertyValueSpecification\",\"valueRequired\":true,\"valueName\":\"search_term_string\"}}],\"inLanguage\":\"fr-FR\"}]}<\/script>\n<!-- \/ Yoast SEO plugin. -->","yoast_head_json":{"title":"Sc\u00e9narios de la communaut\u00e9 -","robots":{"index":"index","follow":"follow","max-snippet":"max-snippet:-1","max-image-preview":"max-image-preview:large","max-video-preview":"max-video-preview:-1"},"canonical":"https:\/\/avantis.world\/index.php\/aides-de-jeu\/scenarios-de-la-communaute\/","og_locale":"fr_FR","og_type":"article","og_title":"Sc\u00e9narios de la communaut\u00e9 -","og_description":"La Sc\u00e9narioth\u00e8que d&rsquo;Avantis La Sc\u00e9narioth\u00e8que d\u2019Avantis rassemble des aventures pr\u00eates \u00e0 jouer, class\u00e9es par th\u00e8mes, peuples et r\u00e9gions des terres de Khora. Chaque sc\u00e9nario est con\u00e7u pour nourrir la narration, l\u2019exploration et les dilemmes humains. Qu\u2019il s\u2019agisse d\u2019un court voyage initiatique ou d\u2019un arc plus sombre, ces r\u00e9cits sont des portes ouvertes vers un monde [&hellip;]","og_url":"https:\/\/avantis.world\/index.php\/aides-de-jeu\/scenarios-de-la-communaute\/","article_modified_time":"2025-12-14T20:19:36+00:00","og_image":[{"width":1536,"height":1024,"url":"https:\/\/avantis.world\/wp-content\/uploads\/2025\/12\/scenario_fond.webp","type":"image\/webp"}],"twitter_card":"summary_large_image","twitter_misc":{"Dur\u00e9e de lecture estim\u00e9e":"1 minute"},"schema":{"@context":"https:\/\/schema.org","@graph":[{"@type":"WebPage","@id":"https:\/\/avantis.world\/index.php\/aides-de-jeu\/scenarios-de-la-communaute\/","url":"https:\/\/avantis.world\/index.php\/aides-de-jeu\/scenarios-de-la-communaute\/","name":"Sc\u00e9narios de la communaut\u00e9 -","isPartOf":{"@id":"https:\/\/avantis.world\/#website"},"primaryImageOfPage":{"@id":"https:\/\/avantis.world\/index.php\/aides-de-jeu\/scenarios-de-la-communaute\/#primaryimage"},"image":{"@id":"https:\/\/avantis.world\/index.php\/aides-de-jeu\/scenarios-de-la-communaute\/#primaryimage"},"thumbnailUrl":"https:\/\/avantis.world\/wp-content\/uploads\/2025\/12\/scenario_fond-1024x683.webp","datePublished":"2023-12-02T10:41:30+00:00","dateModified":"2025-12-14T20:19:36+00:00","breadcrumb":{"@id":"https:\/\/avantis.world\/index.php\/aides-de-jeu\/scenarios-de-la-communaute\/#breadcrumb"},"inLanguage":"fr-FR","potentialAction":[{"@type":"ReadAction","target":["https:\/\/avantis.world\/index.php\/aides-de-jeu\/scenarios-de-la-communaute\/"]}]},{"@type":"ImageObject","inLanguage":"fr-FR","@id":"https:\/\/avantis.world\/index.php\/aides-de-jeu\/scenarios-de-la-communaute\/#primaryimage","url":"https:\/\/avantis.world\/wp-content\/uploads\/2025\/12\/scenario_fond.webp","contentUrl":"https:\/\/avantis.world\/wp-content\/uploads\/2025\/12\/scenario_fond.webp","width":1536,"height":1024},{"@type":"BreadcrumbList","@id":"https:\/\/avantis.world\/index.php\/aides-de-jeu\/scenarios-de-la-communaute\/#breadcrumb","itemListElement":[{"@type":"ListItem","position":1,"name":"Accueil","item":"https:\/\/avantis.world\/"},{"@type":"ListItem","position":2,"name":"Aides de jeu","item":"https:\/\/avantis.world\/index.php\/aides-de-jeu\/"},{"@type":"ListItem","position":3,"name":"Sc\u00e9narios de la communaut\u00e9"}]},{"@type":"WebSite","@id":"https:\/\/avantis.world\/#website","url":"https:\/\/avantis.world\/","name":"","description":"","potentialAction":[{"@type":"SearchAction","target":{"@type":"EntryPoint","urlTemplate":"https:\/\/avantis.world\/?s={search_term_string}"},"query-input":{"@type":"PropertyValueSpecification","valueRequired":true,"valueName":"search_term_string"}}],"inLanguage":"fr-FR"}]}},"_links":{"self":[{"href":"https:\/\/avantis.world\/index.php\/wp-json\/wp\/v2\/pages\/91","targetHints":{"allow":["GET"]}}],"collection":[{"href":"https:\/\/avantis.world\/index.php\/wp-json\/wp\/v2\/pages"}],"about":[{"href":"https:\/\/avantis.world\/index.php\/wp-json\/wp\/v2\/types\/page"}],"author":[{"embeddable":true,"href":"https:\/\/avantis.world\/index.php\/wp-json\/wp\/v2\/users\/1"}],"replies":[{"embeddable":true,"href":"https:\/\/avantis.world\/index.php\/wp-json\/wp\/v2\/comments?post=91"}],"version-history":[{"count":13,"href":"https:\/\/avantis.world\/index.php\/wp-json\/wp\/v2\/pages\/91\/revisions"}],"predecessor-version":[{"id":2790,"href":"https:\/\/avantis.world\/index.php\/wp-json\/wp\/v2\/pages\/91\/revisions\/2790"}],"up":[{"embeddable":true,"href":"https:\/\/avantis.world\/index.php\/wp-json\/wp\/v2\/pages\/1905"}],"wp:attachment":[{"href":"https:\/\/avantis.world\/index.php\/wp-json\/wp\/v2\/media?parent=91"}],"curies":[{"name":"wp","href":"https:\/\/api.w.org\/{rel}","templated":true}]}}