{"id":335,"date":"2023-12-03T13:17:39","date_gmt":"2023-12-03T12:17:39","guid":{"rendered":"https:\/\/avantis.world\/?page_id=335"},"modified":"2023-12-10T20:37:58","modified_gmt":"2023-12-10T19:37:58","slug":"plaines-desolees","status":"publish","type":"page","link":"https:\/\/avantis.world\/index.php\/encyclopedie-davantis-world\/topographie\/plaines-desolees\/","title":{"rendered":"Plaines d\u00e9sol\u00e9es"},"content":{"rendered":"\t\t<div data-elementor-type=\"wp-page\" data-elementor-id=\"335\" class=\"elementor elementor-335\">\n\t\t\t\t<div class=\"elementor-element elementor-element-7c755a3d e-flex e-con-boxed e-con e-parent\" data-id=\"7c755a3d\" data-element_type=\"container\" data-e-type=\"container\">\n\t\t\t\t\t<div class=\"e-con-inner\">\n\t\t<div class=\"elementor-element elementor-element-6e52845a e-con-full e-flex e-con e-child\" data-id=\"6e52845a\" data-element_type=\"container\" data-e-type=\"container\" data-settings=\"{&quot;shape_divider_bottom&quot;:&quot;opacity-tilt&quot;}\">\n\t\t\t\t<div class=\"elementor-shape elementor-shape-bottom\" aria-hidden=\"true\" data-negative=\"false\">\n\t\t\t<svg xmlns=\"http:\/\/www.w3.org\/2000\/svg\" viewBox=\"0 0 2600 131.1\" preserveAspectRatio=\"none\">\n\t<path class=\"elementor-shape-fill\" d=\"M0 0L2600 0 2600 69.1 0 0z\"\/>\n\t<path class=\"elementor-shape-fill\" style=\"opacity:0.5\" d=\"M0 0L2600 0 2600 69.1 0 69.1z\"\/>\n\t<path class=\"elementor-shape-fill\" style=\"opacity:0.25\" d=\"M2600 0L0 0 0 130.1 2600 69.1z\"\/>\n<\/svg>\t\t<\/div>\n\t\t\t\t<div class=\"elementor-element elementor-element-478d9c23 elementor-widget__width-initial elementor-widget elementor-widget-sidebar\" data-id=\"478d9c23\" data-element_type=\"widget\" data-e-type=\"widget\" data-settings=\"{&quot;_animation&quot;:&quot;none&quot;}\" data-widget_type=\"sidebar.default\">\n\t\t\t\t<div class=\"elementor-widget-container\">\n\t\t\t\t\t<div id=\"block-8\" class=\"sidebar-box widget_block clr\">\n<h2 class=\"wp-block-heading\">Le Grand Livre d'Avantis<\/h2>\n<\/div><div id=\"ocean_custom_menu-2\" class=\"sidebar-box widget-oceanwp-custom-menu custom-menu-widget clr\"><style type=\"text\/css\">.ocean_custom_menu-2 > ul > li > a, .custom-menu-widget .ocean_custom_menu-2 .dropdown-menu .sub-menu li a.menu-link{color:#dddddd;}.custom-menu-widget .ocean_custom_menu-2.oceanwp-custom-menu > ul.click-menu .open-this{color:#dddddd;}.ocean_custom_menu-2 > ul > li > a:hover, .custom-menu-widget .ocean_custom_menu-2 .dropdown-menu .sub-menu li a.menu-link:hover{color:#006699;}.custom-menu-widget .ocean_custom_menu-2.oceanwp-custom-menu > ul.click-menu .open-this:hover{color:#006699;}<\/style><div class=\"oceanwp-custom-menu clr ocean_custom_menu-2 left dropdown-hover\"><ul id=\"menu-encyclopedie\" class=\"dropdown-menu sf-menu\"><li  id=\"menu-item-375\" class=\"menu-item menu-item-type-post_type menu-item-object-page menu-item-375\"><a href=\"https:\/\/avantis.world\/index.php\/encyclopedie-davantis-world\/\" class=\"menu-link\">Accueil<\/a><\/li>\n<li  id=\"menu-item-1082\" class=\"menu-item menu-item-type-post_type menu-item-object-page menu-item-1082\"><a href=\"https:\/\/avantis.world\/index.php\/encyclopedie-davantis-world\/topographie\/\" class=\"menu-link\">Topographie<\/a><\/li>\n<li  id=\"menu-item-1598\" class=\"menu-item menu-item-type-post_type menu-item-object-page menu-item-1598\"><a href=\"https:\/\/avantis.world\/index.php\/encyclopedie-davantis-world\/histoire\/\" class=\"menu-link\">Histoire<\/a><\/li>\n<li  id=\"menu-item-1081\" class=\"menu-item menu-item-type-post_type menu-item-object-page menu-item-1081\"><a href=\"https:\/\/avantis.world\/index.php\/encyclopedie-davantis-world\/personnages\/\" class=\"menu-link\">Peuples et cultures<\/a><\/li>\n<li  id=\"menu-item-877\" class=\"menu-item menu-item-type-post_type menu-item-object-page menu-item-877\"><a href=\"https:\/\/avantis.world\/index.php\/encyclopedie-davantis-world\/personnages-illustres\/\" class=\"menu-link\">Personnages Illustres<\/a><\/li>\n<li  id=\"menu-item-1599\" class=\"menu-item menu-item-type-post_type menu-item-object-page menu-item-1599\"><a href=\"https:\/\/avantis.world\/index.php\/encyclopedie-davantis-world\/religions-et-croyances\/\" class=\"menu-link\">Religions et croyances<\/a><\/li>\n<li  id=\"menu-item-1600\" class=\"menu-item menu-item-type-post_type menu-item-object-page menu-item-1600\"><a href=\"https:\/\/avantis.world\/index.php\/encyclopedie-davantis-world\/bestiaire\/\" class=\"menu-link\">Bestiaire<\/a><\/li>\n<li  id=\"menu-item-1601\" class=\"menu-item menu-item-type-post_type menu-item-object-page menu-item-1601\"><a href=\"https:\/\/avantis.world\/index.php\/encyclopedie-davantis-world\/flore\/\" class=\"menu-link\">Flore<\/a><\/li>\n<li  id=\"menu-item-1602\" class=\"menu-item menu-item-type-post_type menu-item-object-page menu-item-1602\"><a href=\"https:\/\/avantis.world\/index.php\/encyclopedie-davantis-world\/climat-et-biomes\/\" class=\"menu-link\">Climats et biomes<\/a><\/li>\n<li  id=\"menu-item-1597\" class=\"menu-item menu-item-type-post_type menu-item-object-page menu-item-1597\"><a href=\"https:\/\/avantis.world\/index.php\/encyclopedie-davantis-world\/arcanes-et-pouvoirs-de-lesprit\/\" class=\"menu-link\">Arcanes et Pouvoirs de l\u2019esprit<\/a><\/li>\n<li  id=\"menu-item-1609\" class=\"menu-item menu-item-type-post_type menu-item-object-page menu-item-1609\"><a href=\"https:\/\/avantis.world\/index.php\/encyclopedie-davantis-world\/economie-et-commerce\/\" class=\"menu-link\">Economie et Commerce<\/a><\/li>\n<li  id=\"menu-item-1784\" class=\"menu-item menu-item-type-post_type menu-item-object-page menu-item-1784\"><a href=\"https:\/\/avantis.world\/index.php\/encyclopedie-davantis-world\/sports-et-loisirs\/\" class=\"menu-link\">Sports et loisirs<\/a><\/li>\n<li  id=\"menu-item-1610\" class=\"menu-item menu-item-type-post_type menu-item-object-page menu-item-1610\"><a href=\"https:\/\/avantis.world\/index.php\/encyclopedie-davantis-world\/art-et-culture\/\" class=\"menu-link\">Art et Culture<\/a><\/li>\n<li  id=\"menu-item-876\" class=\"menu-item menu-item-type-post_type menu-item-object-page menu-item-876\"><a href=\"https:\/\/avantis.world\/index.php\/encyclopedie-davantis-world\/mythes-legendes-et-litterature\/\" class=\"menu-link\">Mythes, L\u00e9gendes et litt\u00e9rature<\/a><\/li>\n<li  id=\"menu-item-1611\" class=\"menu-item menu-item-type-post_type menu-item-object-page menu-item-1611\"><a href=\"https:\/\/avantis.world\/index.php\/encyclopedie-davantis-world\/technologie-et-innovations\/\" class=\"menu-link\">Technologie et Innovations<\/a><\/li>\n<li  id=\"menu-item-779\" class=\"menu-item menu-item-type-taxonomy menu-item-object-category menu-item-779\"><a href=\"https:\/\/avantis.world\/index.php\/category\/l-univers\/encyclopedie\/lexique\/\" class=\"menu-link\">Lexique<\/a><\/li>\n<\/ul><\/div><\/div>\t\t\t\t<\/div>\n\t\t\t\t<\/div>\n\t\t\t\t<\/div>\n\t\t<div class=\"elementor-element elementor-element-78df931c e-con-full e-flex e-con e-child\" data-id=\"78df931c\" data-element_type=\"container\" data-e-type=\"container\">\n\t\t\t\t<div class=\"elementor-element elementor-element-4966f70b elementor-widget elementor-widget-image\" data-id=\"4966f70b\" data-element_type=\"widget\" data-e-type=\"widget\" data-widget_type=\"image.default\">\n\t\t\t\t<div class=\"elementor-widget-container\">\n\t\t\t\t\t\t\t\t\t\t\t\t\t\t\t<img fetchpriority=\"high\" decoding=\"async\" width=\"1024\" height=\"683\" src=\"https:\/\/avantis.world\/wp-content\/uploads\/2023\/12\/WEB_plaines_desolees.jpg\" class=\"attachment-large size-large wp-image-619\" alt=\"\" srcset=\"https:\/\/avantis.world\/wp-content\/uploads\/2023\/12\/WEB_plaines_desolees.jpg 1024w, https:\/\/avantis.world\/wp-content\/uploads\/2023\/12\/WEB_plaines_desolees-300x200.jpg 300w, https:\/\/avantis.world\/wp-content\/uploads\/2023\/12\/WEB_plaines_desolees-768x512.jpg 768w\" sizes=\"(max-width: 1024px) 100vw, 1024px\" \/>\t\t\t\t\t\t\t\t\t\t\t\t\t\t\t<\/div>\n\t\t\t\t<\/div>\n\t\t\t\t<div class=\"elementor-element elementor-element-a29ab55 elementor-align-right elementor-widget elementor-widget-button\" data-id=\"a29ab55\" data-element_type=\"widget\" data-e-type=\"widget\" data-widget_type=\"button.default\">\n\t\t\t\t<div class=\"elementor-widget-container\">\n\t\t\t\t\t\t\t\t\t<div class=\"elementor-button-wrapper\">\n\t\t\t\t\t<a class=\"elementor-button elementor-button-link elementor-size-sm\" href=\"https:\/\/avantis.world\/index.php\/encyclopedie-davantis-world\/topographie\/province-de-rougerive\/\">\n\t\t\t\t\t\t<span class=\"elementor-button-content-wrapper\">\n\t\t\t\t\t\t\t\t\t<span class=\"elementor-button-text\">R\u00e9gion suivante<\/span>\n\t\t\t\t\t<\/span>\n\t\t\t\t\t<\/a>\n\t\t\t\t<\/div>\n\t\t\t\t\t\t\t\t<\/div>\n\t\t\t\t<\/div>\n\t\t\t\t<div class=\"elementor-element elementor-element-1aa960bb elementor-widget elementor-widget-text-editor\" data-id=\"1aa960bb\" data-element_type=\"widget\" data-e-type=\"widget\" data-widget_type=\"text-editor.default\">\n\t\t\t\t<div class=\"elementor-widget-container\">\n\t\t\t\t\t\t\t\t\t<p><span style=\"font-weight: 400;\">\u00a0 \u00a0 \u00a0Sous un soleil de plomb, les Plaines D\u00e9sol\u00e9es s&rsquo;\u00e9tirent \u00e0 l&rsquo;infini, m\u00e9lange aust\u00e8re de terres poussi\u00e9reuses et de d\u00e9solation. L&rsquo;\u00e9clat br\u00fblant de l&rsquo;astre solaire accentue les teintes arides de ce paysage d\u00e9sol\u00e9, o\u00f9 chaque souffle de vent transporte des particules de poussi\u00e8re, ajoutant \u00e0 l&rsquo;atmosph\u00e8re \u00e9touffante.<\/span><\/p><p><span style=\"font-weight: 400;\">Le ciel, d&rsquo;un bleu implacable, contraste avec la terre terne, cr\u00e9ant un horizon sans fin. Les rivi\u00e8res, r\u00e9duites \u00e0 de minces filets d&rsquo;eau, brillent faiblement sous la lumi\u00e8re implacable du soleil.<\/span><\/p><p><span style=\"font-weight: 400;\">Les vestiges d&rsquo;une civilisation oubli\u00e9e se dressent sporadiquement, des ruines solennelles o\u00f9 l&rsquo;\u00e9cho du pass\u00e9 r\u00e9sonne. Des cr\u00e9atures r\u00e9silientes, adapt\u00e9es \u00e0 la chaleur \u00e9crasante, parcourent ce royaume aride, \u00e9voquant une beaut\u00e9 sauvage et aust\u00e8re dans cette terre fa\u00e7onn\u00e9e par le feu et le temps implacable.<\/span><\/p>\t\t\t\t\t\t\t\t<\/div>\n\t\t\t\t<\/div>\n\t\t\t\t<div class=\"elementor-element elementor-element-af8b9d2 elementor-widget elementor-widget-text-editor\" data-id=\"af8b9d2\" data-element_type=\"widget\" data-e-type=\"widget\" data-widget_type=\"text-editor.default\">\n\t\t\t\t<div class=\"elementor-widget-container\">\n\t\t\t\t\t\t\t\t\t<p><span style=\"font-weight: 400;\">Lieux importants :\u00a0<\/span><\/p><p><span style=\"font-weight: 400;\">&#8211; Cendreterres &#8211; La p\u00e9ninsule du dragon &#8211; La Terra Incognita &#8211; Les arbres fant\u00f4mes &#8211; Les mille canyons de Sienne &#8211; Morneroc &#8211; Tol Orea<\/span><\/p>\t\t\t\t\t\t\t\t<\/div>\n\t\t\t\t<\/div>\n\t\t\t\t<\/div>\n\t\t\t\t\t<\/div>\n\t\t\t\t<\/div>\n\t\t\t\t<\/div>\n\t\t","protected":false},"excerpt":{"rendered":"<p>R\u00e9gion suivante \u00a0 \u00a0 \u00a0Sous un soleil de plomb, les Plaines D\u00e9sol\u00e9es s&rsquo;\u00e9tirent \u00e0 l&rsquo;infini, m\u00e9lange aust\u00e8re de terres poussi\u00e9reuses et de d\u00e9solation. L&rsquo;\u00e9clat br\u00fblant de l&rsquo;astre solaire accentue les teintes arides de ce paysage d\u00e9sol\u00e9, o\u00f9 chaque souffle de vent transporte des particules de poussi\u00e8re, ajoutant \u00e0 l&rsquo;atmosph\u00e8re \u00e9touffante. Le ciel, d&rsquo;un bleu implacable, [&hellip;]<\/p>\n","protected":false},"author":1,"featured_media":0,"parent":296,"menu_order":16,"comment_status":"closed","ping_status":"closed","template":"","meta":{"ocean_post_layout":"","ocean_both_sidebars_style":"","ocean_both_sidebars_content_width":0,"ocean_both_sidebars_sidebars_width":0,"ocean_sidebar":"","ocean_second_sidebar":"","ocean_disable_margins":"enable","ocean_add_body_class":"","ocean_shortcode_before_top_bar":"","ocean_shortcode_after_top_bar":"","ocean_shortcode_before_header":"","ocean_shortcode_after_header":"","ocean_has_shortcode":"","ocean_shortcode_after_title":"","ocean_shortcode_before_footer_widgets":"","ocean_shortcode_after_footer_widgets":"","ocean_shortcode_before_footer_bottom":"","ocean_shortcode_after_footer_bottom":"","ocean_display_top_bar":"default","ocean_display_header":"default","ocean_header_style":"","ocean_center_header_left_menu":"","ocean_custom_header_template":"","ocean_custom_logo":0,"ocean_custom_retina_logo":0,"ocean_custom_logo_max_width":0,"ocean_custom_logo_tablet_max_width":0,"ocean_custom_logo_mobile_max_width":0,"ocean_custom_logo_max_height":0,"ocean_custom_logo_tablet_max_height":0,"ocean_custom_logo_mobile_max_height":0,"ocean_header_custom_menu":"","ocean_menu_typo_font_family":"","ocean_menu_typo_font_subset":"","ocean_menu_typo_font_size":0,"ocean_menu_typo_font_size_tablet":0,"ocean_menu_typo_font_size_mobile":0,"ocean_menu_typo_font_size_unit":"px","ocean_menu_typo_font_weight":"","ocean_menu_typo_font_weight_tablet":"","ocean_menu_typo_font_weight_mobile":"","ocean_menu_typo_transform":"","ocean_menu_typo_transform_tablet":"","ocean_menu_typo_transform_mobile":"","ocean_menu_typo_line_height":0,"ocean_menu_typo_line_height_tablet":0,"ocean_menu_typo_line_height_mobile":0,"ocean_menu_typo_line_height_unit":"","ocean_menu_typo_spacing":0,"ocean_menu_typo_spacing_tablet":0,"ocean_menu_typo_spacing_mobile":0,"ocean_menu_typo_spacing_unit":"","ocean_menu_link_color":"","ocean_menu_link_color_hover":"","ocean_menu_link_color_active":"","ocean_menu_link_background":"","ocean_menu_link_hover_background":"","ocean_menu_link_active_background":"","ocean_menu_social_links_bg":"","ocean_menu_social_hover_links_bg":"","ocean_menu_social_links_color":"","ocean_menu_social_hover_links_color":"","ocean_disable_title":"default","ocean_disable_heading":"default","ocean_post_title":"","ocean_post_subheading":"","ocean_post_title_style":"","ocean_post_title_background_color":"","ocean_post_title_background":0,"ocean_post_title_bg_image_position":"","ocean_post_title_bg_image_attachment":"","ocean_post_title_bg_image_repeat":"","ocean_post_title_bg_image_size":"","ocean_post_title_height":0,"ocean_post_title_bg_overlay":0.5,"ocean_post_title_bg_overlay_color":"","ocean_disable_breadcrumbs":"default","ocean_breadcrumbs_color":"","ocean_breadcrumbs_separator_color":"","ocean_breadcrumbs_links_color":"","ocean_breadcrumbs_links_hover_color":"","ocean_display_footer_widgets":"default","ocean_display_footer_bottom":"default","ocean_custom_footer_template":"","footnotes":""},"class_list":["post-335","page","type-page","status-publish","hentry","entry"],"yoast_head":"<!-- This site is optimized with the Yoast SEO plugin v27.4 - https:\/\/yoast.com\/product\/yoast-seo-wordpress\/ -->\n<title>Plaines d\u00e9sol\u00e9es -<\/title>\n<meta name=\"robots\" content=\"index, follow, max-snippet:-1, max-image-preview:large, max-video-preview:-1\" \/>\n<link rel=\"canonical\" href=\"https:\/\/avantis.world\/index.php\/encyclopedie-davantis-world\/topographie\/plaines-desolees\/\" \/>\n<meta property=\"og:locale\" content=\"fr_FR\" \/>\n<meta property=\"og:type\" content=\"article\" \/>\n<meta property=\"og:title\" content=\"Plaines d\u00e9sol\u00e9es -\" \/>\n<meta property=\"og:description\" content=\"R\u00e9gion suivante \u00a0 \u00a0 \u00a0Sous un soleil de plomb, les Plaines D\u00e9sol\u00e9es s&rsquo;\u00e9tirent \u00e0 l&rsquo;infini, m\u00e9lange aust\u00e8re de terres poussi\u00e9reuses et de d\u00e9solation. L&rsquo;\u00e9clat br\u00fblant de l&rsquo;astre solaire accentue les teintes arides de ce paysage d\u00e9sol\u00e9, o\u00f9 chaque souffle de vent transporte des particules de poussi\u00e8re, ajoutant \u00e0 l&rsquo;atmosph\u00e8re \u00e9touffante. Le ciel, d&rsquo;un bleu implacable, [&hellip;]\" \/>\n<meta property=\"og:url\" content=\"https:\/\/avantis.world\/index.php\/encyclopedie-davantis-world\/topographie\/plaines-desolees\/\" \/>\n<meta property=\"article:modified_time\" content=\"2023-12-10T19:37:58+00:00\" \/>\n<meta property=\"og:image\" content=\"http:\/\/avantis.world\/wp-content\/uploads\/2023\/12\/WEB_plaines_desolees.jpg\" \/>\n<meta name=\"twitter:card\" content=\"summary_large_image\" \/>\n<meta name=\"twitter:label1\" content=\"Dur\u00e9e de lecture estim\u00e9e\" \/>\n\t<meta name=\"twitter:data1\" content=\"1 minute\" \/>\n<script type=\"application\/ld+json\" class=\"yoast-schema-graph\">{\"@context\":\"https:\\\/\\\/schema.org\",\"@graph\":[{\"@type\":\"WebPage\",\"@id\":\"https:\\\/\\\/avantis.world\\\/index.php\\\/encyclopedie-davantis-world\\\/topographie\\\/plaines-desolees\\\/\",\"url\":\"https:\\\/\\\/avantis.world\\\/index.php\\\/encyclopedie-davantis-world\\\/topographie\\\/plaines-desolees\\\/\",\"name\":\"Plaines d\u00e9sol\u00e9es -\",\"isPartOf\":{\"@id\":\"https:\\\/\\\/avantis.world\\\/#website\"},\"primaryImageOfPage\":{\"@id\":\"https:\\\/\\\/avantis.world\\\/index.php\\\/encyclopedie-davantis-world\\\/topographie\\\/plaines-desolees\\\/#primaryimage\"},\"image\":{\"@id\":\"https:\\\/\\\/avantis.world\\\/index.php\\\/encyclopedie-davantis-world\\\/topographie\\\/plaines-desolees\\\/#primaryimage\"},\"thumbnailUrl\":\"http:\\\/\\\/avantis.world\\\/wp-content\\\/uploads\\\/2023\\\/12\\\/WEB_plaines_desolees.jpg\",\"datePublished\":\"2023-12-03T12:17:39+00:00\",\"dateModified\":\"2023-12-10T19:37:58+00:00\",\"breadcrumb\":{\"@id\":\"https:\\\/\\\/avantis.world\\\/index.php\\\/encyclopedie-davantis-world\\\/topographie\\\/plaines-desolees\\\/#breadcrumb\"},\"inLanguage\":\"fr-FR\",\"potentialAction\":[{\"@type\":\"ReadAction\",\"target\":[\"https:\\\/\\\/avantis.world\\\/index.php\\\/encyclopedie-davantis-world\\\/topographie\\\/plaines-desolees\\\/\"]}]},{\"@type\":\"ImageObject\",\"inLanguage\":\"fr-FR\",\"@id\":\"https:\\\/\\\/avantis.world\\\/index.php\\\/encyclopedie-davantis-world\\\/topographie\\\/plaines-desolees\\\/#primaryimage\",\"url\":\"http:\\\/\\\/avantis.world\\\/wp-content\\\/uploads\\\/2023\\\/12\\\/WEB_plaines_desolees.jpg\",\"contentUrl\":\"http:\\\/\\\/avantis.world\\\/wp-content\\\/uploads\\\/2023\\\/12\\\/WEB_plaines_desolees.jpg\"},{\"@type\":\"BreadcrumbList\",\"@id\":\"https:\\\/\\\/avantis.world\\\/index.php\\\/encyclopedie-davantis-world\\\/topographie\\\/plaines-desolees\\\/#breadcrumb\",\"itemListElement\":[{\"@type\":\"ListItem\",\"position\":1,\"name\":\"Accueil\",\"item\":\"https:\\\/\\\/avantis.world\\\/\"},{\"@type\":\"ListItem\",\"position\":2,\"name\":\"Encyclop\u00e9die AW\",\"item\":\"https:\\\/\\\/avantis.world\\\/index.php\\\/encyclopedie-davantis-world\\\/\"},{\"@type\":\"ListItem\",\"position\":3,\"name\":\"TOPOGRAPHIE\",\"item\":\"https:\\\/\\\/avantis.world\\\/index.php\\\/encyclopedie-davantis-world\\\/topographie\\\/\"},{\"@type\":\"ListItem\",\"position\":4,\"name\":\"Plaines d\u00e9sol\u00e9es\"}]},{\"@type\":\"WebSite\",\"@id\":\"https:\\\/\\\/avantis.world\\\/#website\",\"url\":\"https:\\\/\\\/avantis.world\\\/\",\"name\":\"\",\"description\":\"\",\"potentialAction\":[{\"@type\":\"SearchAction\",\"target\":{\"@type\":\"EntryPoint\",\"urlTemplate\":\"https:\\\/\\\/avantis.world\\\/?s={search_term_string}\"},\"query-input\":{\"@type\":\"PropertyValueSpecification\",\"valueRequired\":true,\"valueName\":\"search_term_string\"}}],\"inLanguage\":\"fr-FR\"}]}<\/script>\n<!-- \/ Yoast SEO plugin. -->","yoast_head_json":{"title":"Plaines d\u00e9sol\u00e9es -","robots":{"index":"index","follow":"follow","max-snippet":"max-snippet:-1","max-image-preview":"max-image-preview:large","max-video-preview":"max-video-preview:-1"},"canonical":"https:\/\/avantis.world\/index.php\/encyclopedie-davantis-world\/topographie\/plaines-desolees\/","og_locale":"fr_FR","og_type":"article","og_title":"Plaines d\u00e9sol\u00e9es -","og_description":"R\u00e9gion suivante \u00a0 \u00a0 \u00a0Sous un soleil de plomb, les Plaines D\u00e9sol\u00e9es s&rsquo;\u00e9tirent \u00e0 l&rsquo;infini, m\u00e9lange aust\u00e8re de terres poussi\u00e9reuses et de d\u00e9solation. L&rsquo;\u00e9clat br\u00fblant de l&rsquo;astre solaire accentue les teintes arides de ce paysage d\u00e9sol\u00e9, o\u00f9 chaque souffle de vent transporte des particules de poussi\u00e8re, ajoutant \u00e0 l&rsquo;atmosph\u00e8re \u00e9touffante. Le ciel, d&rsquo;un bleu implacable, [&hellip;]","og_url":"https:\/\/avantis.world\/index.php\/encyclopedie-davantis-world\/topographie\/plaines-desolees\/","article_modified_time":"2023-12-10T19:37:58+00:00","og_image":[{"url":"http:\/\/avantis.world\/wp-content\/uploads\/2023\/12\/WEB_plaines_desolees.jpg","type":"","width":"","height":""}],"twitter_card":"summary_large_image","twitter_misc":{"Dur\u00e9e de lecture estim\u00e9e":"1 minute"},"schema":{"@context":"https:\/\/schema.org","@graph":[{"@type":"WebPage","@id":"https:\/\/avantis.world\/index.php\/encyclopedie-davantis-world\/topographie\/plaines-desolees\/","url":"https:\/\/avantis.world\/index.php\/encyclopedie-davantis-world\/topographie\/plaines-desolees\/","name":"Plaines d\u00e9sol\u00e9es -","isPartOf":{"@id":"https:\/\/avantis.world\/#website"},"primaryImageOfPage":{"@id":"https:\/\/avantis.world\/index.php\/encyclopedie-davantis-world\/topographie\/plaines-desolees\/#primaryimage"},"image":{"@id":"https:\/\/avantis.world\/index.php\/encyclopedie-davantis-world\/topographie\/plaines-desolees\/#primaryimage"},"thumbnailUrl":"http:\/\/avantis.world\/wp-content\/uploads\/2023\/12\/WEB_plaines_desolees.jpg","datePublished":"2023-12-03T12:17:39+00:00","dateModified":"2023-12-10T19:37:58+00:00","breadcrumb":{"@id":"https:\/\/avantis.world\/index.php\/encyclopedie-davantis-world\/topographie\/plaines-desolees\/#breadcrumb"},"inLanguage":"fr-FR","potentialAction":[{"@type":"ReadAction","target":["https:\/\/avantis.world\/index.php\/encyclopedie-davantis-world\/topographie\/plaines-desolees\/"]}]},{"@type":"ImageObject","inLanguage":"fr-FR","@id":"https:\/\/avantis.world\/index.php\/encyclopedie-davantis-world\/topographie\/plaines-desolees\/#primaryimage","url":"http:\/\/avantis.world\/wp-content\/uploads\/2023\/12\/WEB_plaines_desolees.jpg","contentUrl":"http:\/\/avantis.world\/wp-content\/uploads\/2023\/12\/WEB_plaines_desolees.jpg"},{"@type":"BreadcrumbList","@id":"https:\/\/avantis.world\/index.php\/encyclopedie-davantis-world\/topographie\/plaines-desolees\/#breadcrumb","itemListElement":[{"@type":"ListItem","position":1,"name":"Accueil","item":"https:\/\/avantis.world\/"},{"@type":"ListItem","position":2,"name":"Encyclop\u00e9die AW","item":"https:\/\/avantis.world\/index.php\/encyclopedie-davantis-world\/"},{"@type":"ListItem","position":3,"name":"TOPOGRAPHIE","item":"https:\/\/avantis.world\/index.php\/encyclopedie-davantis-world\/topographie\/"},{"@type":"ListItem","position":4,"name":"Plaines d\u00e9sol\u00e9es"}]},{"@type":"WebSite","@id":"https:\/\/avantis.world\/#website","url":"https:\/\/avantis.world\/","name":"","description":"","potentialAction":[{"@type":"SearchAction","target":{"@type":"EntryPoint","urlTemplate":"https:\/\/avantis.world\/?s={search_term_string}"},"query-input":{"@type":"PropertyValueSpecification","valueRequired":true,"valueName":"search_term_string"}}],"inLanguage":"fr-FR"}]}},"_links":{"self":[{"href":"https:\/\/avantis.world\/index.php\/wp-json\/wp\/v2\/pages\/335","targetHints":{"allow":["GET"]}}],"collection":[{"href":"https:\/\/avantis.world\/index.php\/wp-json\/wp\/v2\/pages"}],"about":[{"href":"https:\/\/avantis.world\/index.php\/wp-json\/wp\/v2\/types\/page"}],"author":[{"embeddable":true,"href":"https:\/\/avantis.world\/index.php\/wp-json\/wp\/v2\/users\/1"}],"replies":[{"embeddable":true,"href":"https:\/\/avantis.world\/index.php\/wp-json\/wp\/v2\/comments?post=335"}],"version-history":[{"count":10,"href":"https:\/\/avantis.world\/index.php\/wp-json\/wp\/v2\/pages\/335\/revisions"}],"predecessor-version":[{"id":860,"href":"https:\/\/avantis.world\/index.php\/wp-json\/wp\/v2\/pages\/335\/revisions\/860"}],"up":[{"embeddable":true,"href":"https:\/\/avantis.world\/index.php\/wp-json\/wp\/v2\/pages\/296"}],"wp:attachment":[{"href":"https:\/\/avantis.world\/index.php\/wp-json\/wp\/v2\/media?parent=335"}],"curies":[{"name":"wp","href":"https:\/\/api.w.org\/{rel}","templated":true}]}}