{"id":2685,"date":"2025-12-11T13:33:46","date_gmt":"2025-12-11T12:33:46","guid":{"rendered":"https:\/\/avantis.world\/?page_id=2685"},"modified":"2025-12-22T13:10:45","modified_gmt":"2025-12-22T12:10:45","slug":"scenarios-historiques","status":"publish","type":"page","link":"https:\/\/avantis.world\/index.php\/aides-de-jeu\/scenarios-de-la-communaute\/scenarios-historiques\/","title":{"rendered":"Historiques"},"content":{"rendered":"\t\t<div data-elementor-type=\"wp-page\" data-elementor-id=\"2685\" class=\"elementor elementor-2685\">\n\t\t\t\t<div class=\"elementor-element elementor-element-38e6ce4a e-flex e-con-boxed e-con e-parent\" data-id=\"38e6ce4a\" data-element_type=\"container\" data-e-type=\"container\">\n\t\t\t\t\t<div class=\"e-con-inner\">\n\t\t<div class=\"elementor-element elementor-element-7d98dc71 e-con-full e-flex e-con e-child\" data-id=\"7d98dc71\" data-element_type=\"container\" data-e-type=\"container\">\n\t\t\t\t<div class=\"elementor-element elementor-element-3370ab3 elementor-widget elementor-widget-heading\" data-id=\"3370ab3\" data-element_type=\"widget\" data-e-type=\"widget\" data-widget_type=\"heading.default\">\n\t\t\t\t<div class=\"elementor-widget-container\">\n\t\t\t\t\t<h2 class=\"elementor-heading-title elementor-size-default\">La Sc\u00e9narioth\u00e8que d'Avantis<\/h2>\t\t\t\t<\/div>\n\t\t\t\t<\/div>\n\t\t<div class=\"elementor-element elementor-element-9d86b92 e-con-full e-flex e-con e-child\" data-id=\"9d86b92\" data-element_type=\"container\" data-e-type=\"container\">\n\t\t\t\t<div class=\"elementor-element elementor-element-a715031 elementor-widget elementor-widget-text-editor\" data-id=\"a715031\" data-element_type=\"widget\" data-e-type=\"widget\" data-widget_type=\"text-editor.default\">\n\t\t\t\t<div class=\"elementor-widget-container\">\n\t\t\t\t\t\t\t\t\t<table dir=\"ltr\" cellspacing=\"0\" cellpadding=\"0\" data-sheets-root=\"1\" data-sheets-baot=\"1\"><colgroup><col width=\"196\" \/><col width=\"1277\" \/><\/colgroup><tbody><tr><td colspan=\"2\" rowspan=\"1\">SC\u00c9NARIO Historique<\/td><\/tr><tr><td colspan=\"2\" rowspan=\"1\">Sc\u00e9narios centr\u00e9s sur un aspect historique de l&rsquo;univers d&rsquo;Avantis.<\/td><\/tr><\/tbody><\/table>\t\t\t\t\t\t\t\t<\/div>\n\t\t\t\t<\/div>\n\t\t\t\t<\/div>\n\t\t\t\t<\/div>\n\t\t\t\t\t<\/div>\n\t\t\t\t<\/div>\n\t\t<div class=\"elementor-element elementor-element-13ceeb0d e-flex e-con-boxed e-con e-parent\" data-id=\"13ceeb0d\" data-element_type=\"container\" data-e-type=\"container\">\n\t\t\t\t\t<div class=\"e-con-inner\">\n\t\t<div class=\"elementor-element elementor-element-3032e3bc e-con-full e-flex e-con e-child\" data-id=\"3032e3bc\" data-element_type=\"container\" data-e-type=\"container\">\n\t\t\t\t<div class=\"elementor-element elementor-element-3aa6a61 elementor-widget elementor-widget-wp-widget-nav_menu\" data-id=\"3aa6a61\" data-element_type=\"widget\" data-e-type=\"widget\" data-widget_type=\"wp-widget-nav_menu.default\">\n\t\t\t\t<div class=\"elementor-widget-container\">\n\t\t\t\t\t<div class=\"menu-scenarios-container\"><ul id=\"menu-scenarios\" class=\"menu\"><li id=\"menu-item-2695\" class=\"menu-item menu-item-type-post_type menu-item-object-page menu-item-2695\"><a href=\"https:\/\/avantis.world\/index.php\/aides-de-jeu\/scenarios-de-la-communaute\/scenarios-historiques\/\">Historiques<\/a><\/li>\n<li id=\"menu-item-2696\" class=\"menu-item menu-item-type-post_type menu-item-object-page menu-item-2696\"><a href=\"https:\/\/avantis.world\/index.php\/aides-de-jeu\/scenarios-de-la-communaute\/scenarios-humoristiques-decales\/\">Humoristiques \/ D\u00e9cal\u00e9s<\/a><\/li>\n<li id=\"menu-item-2697\" class=\"menu-item menu-item-type-post_type menu-item-object-page menu-item-2697\"><a href=\"https:\/\/avantis.world\/index.php\/aides-de-jeu\/scenarios-de-la-communaute\/scenarios-evasion-escape-game\/\">\u00c9vasions \/ Escape Games<\/a><\/li>\n<li id=\"menu-item-2698\" class=\"menu-item menu-item-type-post_type menu-item-object-page menu-item-2698\"><a href=\"https:\/\/avantis.world\/index.php\/aides-de-jeu\/scenarios-de-la-communaute\/scenarios-horreur-surnaturel\/\">Horreurs \/ Surnaturels<\/a><\/li>\n<li id=\"menu-item-2699\" class=\"menu-item menu-item-type-post_type menu-item-object-page menu-item-2699\"><a href=\"https:\/\/avantis.world\/index.php\/aides-de-jeu\/scenarios-de-la-communaute\/scenarios-intrigue-politique-diplomatie\/\">Intrigues politiques \/ Diplomaties<\/a><\/li>\n<li id=\"menu-item-2700\" class=\"menu-item menu-item-type-post_type menu-item-object-page menu-item-2700\"><a href=\"https:\/\/avantis.world\/index.php\/aides-de-jeu\/scenarios-de-la-communaute\/scenarios-conflit-combat\/\">Conflits \/ Combats<\/a><\/li>\n<li id=\"menu-item-2701\" class=\"menu-item menu-item-type-post_type menu-item-object-page menu-item-2701\"><a href=\"https:\/\/avantis.world\/index.php\/aides-de-jeu\/scenarios-de-la-communaute\/scenarios-survie\/\">Survies<\/a><\/li>\n<li id=\"menu-item-2702\" class=\"menu-item menu-item-type-post_type menu-item-object-page menu-item-2702\"><a href=\"https:\/\/avantis.world\/index.php\/aides-de-jeu\/scenarios-de-la-communaute\/scenarios\/\">Explorations \/ Aventures<\/a><\/li>\n<\/ul><\/div>\t\t\t\t<\/div>\n\t\t\t\t<\/div>\n\t\t\t\t<\/div>\n\t\t<div class=\"elementor-element elementor-element-6891d61d e-con-full e-flex e-con e-child\" data-id=\"6891d61d\" data-element_type=\"container\" data-e-type=\"container\">\n\t\t\t\t<div class=\"elementor-element elementor-element-bed6a95 elementor-widget elementor-widget-heading\" data-id=\"bed6a95\" data-element_type=\"widget\" data-e-type=\"widget\" data-widget_type=\"heading.default\">\n\t\t\t\t<div class=\"elementor-widget-container\">\n\t\t\t\t\t<h2 class=\"elementor-heading-title elementor-size-default\">Du sang et des larmes<\/h2>\t\t\t\t<\/div>\n\t\t\t\t<\/div>\n\t\t\t\t<div class=\"elementor-element elementor-element-04784d2 elementor-widget elementor-widget-rating\" data-id=\"04784d2\" data-element_type=\"widget\" data-e-type=\"widget\" data-widget_type=\"rating.default\">\n\t\t\t\t<div class=\"elementor-widget-container\">\n\t\t\t\t\t\t\t<div class=\"e-rating\" itemtype=\"https:\/\/schema.org\/Rating\" itemscope=\"\" itemprop=\"reviewRating\">\n\t\t\t<meta itemprop=\"worstRating\" content=\"0\">\n\t\t\t<meta itemprop=\"bestRating\" content=\"5\">\n\t\t\t<div class=\"e-rating-wrapper\" itemprop=\"ratingValue\" content=\"4\" role=\"img\" aria-label=\"Not\u00e9 4 sur 5\">\n\t\t\t\t\t\t\t<div class=\"e-icon\">\n\t\t\t\t<div class=\"e-icon-wrapper e-icon-marked\">\n\t\t\t\t\t<svg aria-hidden=\"true\" class=\"e-font-icon-svg e-eicon-star\" viewBox=\"0 0 1000 1000\" xmlns=\"http:\/\/www.w3.org\/2000\/svg\"><path d=\"M450 75L338 312 88 350C46 354 25 417 58 450L238 633 196 896C188 942 238 975 275 954L500 837 725 954C767 975 813 942 804 896L763 633 942 450C975 417 954 358 913 350L663 312 550 75C529 33 471 33 450 75Z\"><\/path><\/svg>\t\t\t\t<\/div>\n\t\t\t\t<div class=\"e-icon-wrapper e-icon-unmarked\">\n\t\t\t\t\t<svg aria-hidden=\"true\" class=\"e-font-icon-svg e-eicon-star\" viewBox=\"0 0 1000 1000\" xmlns=\"http:\/\/www.w3.org\/2000\/svg\"><path d=\"M450 75L338 312 88 350C46 354 25 417 58 450L238 633 196 896C188 942 238 975 275 954L500 837 725 954C767 975 813 942 804 896L763 633 942 450C975 417 954 358 913 350L663 312 550 75C529 33 471 33 450 75Z\"><\/path><\/svg>\t\t\t\t<\/div>\n\t\t\t<\/div>\n\t\t\t\t\t\t<div class=\"e-icon\">\n\t\t\t\t<div class=\"e-icon-wrapper e-icon-marked\">\n\t\t\t\t\t<svg aria-hidden=\"true\" class=\"e-font-icon-svg e-eicon-star\" viewBox=\"0 0 1000 1000\" xmlns=\"http:\/\/www.w3.org\/2000\/svg\"><path d=\"M450 75L338 312 88 350C46 354 25 417 58 450L238 633 196 896C188 942 238 975 275 954L500 837 725 954C767 975 813 942 804 896L763 633 942 450C975 417 954 358 913 350L663 312 550 75C529 33 471 33 450 75Z\"><\/path><\/svg>\t\t\t\t<\/div>\n\t\t\t\t<div class=\"e-icon-wrapper e-icon-unmarked\">\n\t\t\t\t\t<svg aria-hidden=\"true\" class=\"e-font-icon-svg e-eicon-star\" viewBox=\"0 0 1000 1000\" xmlns=\"http:\/\/www.w3.org\/2000\/svg\"><path d=\"M450 75L338 312 88 350C46 354 25 417 58 450L238 633 196 896C188 942 238 975 275 954L500 837 725 954C767 975 813 942 804 896L763 633 942 450C975 417 954 358 913 350L663 312 550 75C529 33 471 33 450 75Z\"><\/path><\/svg>\t\t\t\t<\/div>\n\t\t\t<\/div>\n\t\t\t\t\t\t<div class=\"e-icon\">\n\t\t\t\t<div class=\"e-icon-wrapper e-icon-marked\">\n\t\t\t\t\t<svg aria-hidden=\"true\" class=\"e-font-icon-svg e-eicon-star\" viewBox=\"0 0 1000 1000\" xmlns=\"http:\/\/www.w3.org\/2000\/svg\"><path d=\"M450 75L338 312 88 350C46 354 25 417 58 450L238 633 196 896C188 942 238 975 275 954L500 837 725 954C767 975 813 942 804 896L763 633 942 450C975 417 954 358 913 350L663 312 550 75C529 33 471 33 450 75Z\"><\/path><\/svg>\t\t\t\t<\/div>\n\t\t\t\t<div class=\"e-icon-wrapper e-icon-unmarked\">\n\t\t\t\t\t<svg aria-hidden=\"true\" class=\"e-font-icon-svg e-eicon-star\" viewBox=\"0 0 1000 1000\" xmlns=\"http:\/\/www.w3.org\/2000\/svg\"><path d=\"M450 75L338 312 88 350C46 354 25 417 58 450L238 633 196 896C188 942 238 975 275 954L500 837 725 954C767 975 813 942 804 896L763 633 942 450C975 417 954 358 913 350L663 312 550 75C529 33 471 33 450 75Z\"><\/path><\/svg>\t\t\t\t<\/div>\n\t\t\t<\/div>\n\t\t\t\t\t\t<div class=\"e-icon\">\n\t\t\t\t<div class=\"e-icon-wrapper e-icon-marked\">\n\t\t\t\t\t<svg aria-hidden=\"true\" class=\"e-font-icon-svg e-eicon-star\" viewBox=\"0 0 1000 1000\" xmlns=\"http:\/\/www.w3.org\/2000\/svg\"><path d=\"M450 75L338 312 88 350C46 354 25 417 58 450L238 633 196 896C188 942 238 975 275 954L500 837 725 954C767 975 813 942 804 896L763 633 942 450C975 417 954 358 913 350L663 312 550 75C529 33 471 33 450 75Z\"><\/path><\/svg>\t\t\t\t<\/div>\n\t\t\t\t<div class=\"e-icon-wrapper e-icon-unmarked\">\n\t\t\t\t\t<svg aria-hidden=\"true\" class=\"e-font-icon-svg e-eicon-star\" viewBox=\"0 0 1000 1000\" xmlns=\"http:\/\/www.w3.org\/2000\/svg\"><path d=\"M450 75L338 312 88 350C46 354 25 417 58 450L238 633 196 896C188 942 238 975 275 954L500 837 725 954C767 975 813 942 804 896L763 633 942 450C975 417 954 358 913 350L663 312 550 75C529 33 471 33 450 75Z\"><\/path><\/svg>\t\t\t\t<\/div>\n\t\t\t<\/div>\n\t\t\t\t\t\t<div class=\"e-icon\">\n\t\t\t\t<div class=\"e-icon-wrapper e-icon-marked\" style=\"--e-rating-icon-marked-width: 0%;\">\n\t\t\t\t\t<svg aria-hidden=\"true\" class=\"e-font-icon-svg e-eicon-star\" viewBox=\"0 0 1000 1000\" xmlns=\"http:\/\/www.w3.org\/2000\/svg\"><path d=\"M450 75L338 312 88 350C46 354 25 417 58 450L238 633 196 896C188 942 238 975 275 954L500 837 725 954C767 975 813 942 804 896L763 633 942 450C975 417 954 358 913 350L663 312 550 75C529 33 471 33 450 75Z\"><\/path><\/svg>\t\t\t\t<\/div>\n\t\t\t\t<div class=\"e-icon-wrapper e-icon-unmarked\">\n\t\t\t\t\t<svg aria-hidden=\"true\" class=\"e-font-icon-svg e-eicon-star\" viewBox=\"0 0 1000 1000\" xmlns=\"http:\/\/www.w3.org\/2000\/svg\"><path d=\"M450 75L338 312 88 350C46 354 25 417 58 450L238 633 196 896C188 942 238 975 275 954L500 837 725 954C767 975 813 942 804 896L763 633 942 450C975 417 954 358 913 350L663 312 550 75C529 33 471 33 450 75Z\"><\/path><\/svg>\t\t\t\t<\/div>\n\t\t\t<\/div>\n\t\t\t\t\t\t<\/div>\n\t\t<\/div>\n\t\t\t\t\t\t<\/div>\n\t\t\t\t<\/div>\n\t\t\t\t<div class=\"elementor-element elementor-element-1df754e elementor-widget elementor-widget-text-editor\" data-id=\"1df754e\" data-element_type=\"widget\" data-e-type=\"widget\" data-widget_type=\"text-editor.default\">\n\t\t\t\t<div class=\"elementor-widget-container\">\n\t\t\t\t\t\t\t\t\t<table dir=\"ltr\" cellspacing=\"0\" cellpadding=\"0\" data-sheets-root=\"1\" data-sheets-baot=\"1\"><colgroup> <col width=\"1153\" \/> <col width=\"73\" \/> <col width=\"73\" \/><\/colgroup><tbody><tr><td colspan=\"3\" rowspan=\"1\">Nbre de joueurs : 3 \u00e0 4 | Dur\u00e9e : 6 heures | Avec pr\u00e9-tir\u00e9s inclus | <a href=\"https:\/\/avantis.world\/download\/2806\/?tmstv=1765747489\">T\u00e9l\u00e9charger le PDF<\/a> &#8211; T\u00e9l\u00e9charger le Dossier complet<\/td><\/tr><tr><td colspan=\"3\" rowspan=\"1\">En l\u2019an 285, \u00e0 la fin du printemps,, au sein d&rsquo;un monde d\u00e9chir\u00e9 par des si\u00e8cles de rivalit\u00e9s, les <a href=\"https:\/\/avantis.world\/index.php\/encyclopedie-davantis-world\/personnages\/personnage-territoire-keldar\/\">Keldars<\/a> et la cit\u00e9 de <a href=\"https:\/\/avantis.world\/index.php\/encyclopedie-davantis-world\/topographie\/region-de-jamek\/\">Jamek<\/a> cohabitent sur le fil du pass\u00e9. Les joueurs, nomades Keldars de naissance, se trouvent au centre d&rsquo;un conflit qui menace d&#8217;embraser ces terres d\u00e9j\u00e0 marqu\u00e9es par le pass\u00e9.<br \/>Les h\u00e9ros sont autour du feu, regardant les flammes danser, r\u00e9v\u00e9lant des ombres du pass\u00e9 et un avenir incertain. Un serment oubli\u00e9 depuis plus de 220 ans et une proph\u00e9tie inconnue sont les seules choses pouvant les aider face au combat \u00e9pique qui les attend. Une grande bataille approche. Ils ne le savent pas encore mais l\u2019avenir de leur peuple est entre leurs mains. Les h\u00e9ros doivent guider leur peuple vers une nouvelle \u00e8re ou risquer de le voir dispara\u00eetre dans le sang et les larmes.<\/td><\/tr><\/tbody><\/table>\t\t\t\t\t\t\t\t<\/div>\n\t\t\t\t<\/div>\n\t\t\t\t<\/div>\n\t\t\t\t\t<\/div>\n\t\t\t\t<\/div>\n\t\t\t\t<\/div>\n\t\t","protected":false},"excerpt":{"rendered":"<p>La Sc\u00e9narioth\u00e8que d&rsquo;Avantis SC\u00c9NARIO Historique Sc\u00e9narios centr\u00e9s sur un aspect historique de l&rsquo;univers d&rsquo;Avantis. Du sang et des larmes Nbre de joueurs : 3 \u00e0 4 | Dur\u00e9e : 6 heures | Avec pr\u00e9-tir\u00e9s inclus | T\u00e9l\u00e9charger le PDF &#8211; T\u00e9l\u00e9charger le Dossier complet En l\u2019an 285, \u00e0 la fin du printemps,, au sein d&rsquo;un [&hellip;]<\/p>\n","protected":false},"author":1,"featured_media":0,"parent":91,"menu_order":0,"comment_status":"closed","ping_status":"closed","template":"","meta":{"ocean_post_layout":"","ocean_both_sidebars_style":"","ocean_both_sidebars_content_width":0,"ocean_both_sidebars_sidebars_width":0,"ocean_sidebar":"","ocean_second_sidebar":"","ocean_disable_margins":"enable","ocean_add_body_class":"","ocean_shortcode_before_top_bar":"","ocean_shortcode_after_top_bar":"","ocean_shortcode_before_header":"","ocean_shortcode_after_header":"","ocean_has_shortcode":"","ocean_shortcode_after_title":"","ocean_shortcode_before_footer_widgets":"","ocean_shortcode_after_footer_widgets":"","ocean_shortcode_before_footer_bottom":"","ocean_shortcode_after_footer_bottom":"","ocean_display_top_bar":"default","ocean_display_header":"default","ocean_header_style":"","ocean_center_header_left_menu":"","ocean_custom_header_template":"","ocean_custom_logo":0,"ocean_custom_retina_logo":0,"ocean_custom_logo_max_width":0,"ocean_custom_logo_tablet_max_width":0,"ocean_custom_logo_mobile_max_width":0,"ocean_custom_logo_max_height":0,"ocean_custom_logo_tablet_max_height":0,"ocean_custom_logo_mobile_max_height":0,"ocean_header_custom_menu":"","ocean_menu_typo_font_family":"","ocean_menu_typo_font_subset":"","ocean_menu_typo_font_size":0,"ocean_menu_typo_font_size_tablet":0,"ocean_menu_typo_font_size_mobile":0,"ocean_menu_typo_font_size_unit":"px","ocean_menu_typo_font_weight":"","ocean_menu_typo_font_weight_tablet":"","ocean_menu_typo_font_weight_mobile":"","ocean_menu_typo_transform":"","ocean_menu_typo_transform_tablet":"","ocean_menu_typo_transform_mobile":"","ocean_menu_typo_line_height":0,"ocean_menu_typo_line_height_tablet":0,"ocean_menu_typo_line_height_mobile":0,"ocean_menu_typo_line_height_unit":"","ocean_menu_typo_spacing":0,"ocean_menu_typo_spacing_tablet":0,"ocean_menu_typo_spacing_mobile":0,"ocean_menu_typo_spacing_unit":"","ocean_menu_link_color":"","ocean_menu_link_color_hover":"","ocean_menu_link_color_active":"","ocean_menu_link_background":"","ocean_menu_link_hover_background":"","ocean_menu_link_active_background":"","ocean_menu_social_links_bg":"","ocean_menu_social_hover_links_bg":"","ocean_menu_social_links_color":"","ocean_menu_social_hover_links_color":"","ocean_disable_title":"default","ocean_disable_heading":"default","ocean_post_title":"","ocean_post_subheading":"","ocean_post_title_style":"","ocean_post_title_background_color":"","ocean_post_title_background":0,"ocean_post_title_bg_image_position":"","ocean_post_title_bg_image_attachment":"","ocean_post_title_bg_image_repeat":"","ocean_post_title_bg_image_size":"","ocean_post_title_height":0,"ocean_post_title_bg_overlay":0.5,"ocean_post_title_bg_overlay_color":"","ocean_disable_breadcrumbs":"default","ocean_breadcrumbs_color":"","ocean_breadcrumbs_separator_color":"","ocean_breadcrumbs_links_color":"","ocean_breadcrumbs_links_hover_color":"","ocean_display_footer_widgets":"default","ocean_display_footer_bottom":"default","ocean_custom_footer_template":"","footnotes":""},"class_list":["post-2685","page","type-page","status-publish","hentry","entry"],"yoast_head":"<!-- This site is optimized with the Yoast SEO plugin v27.5 - https:\/\/yoast.com\/product\/yoast-seo-wordpress\/ -->\n<title>Historiques -<\/title>\n<meta name=\"robots\" content=\"index, follow, max-snippet:-1, max-image-preview:large, max-video-preview:-1\" \/>\n<link rel=\"canonical\" href=\"https:\/\/avantis.world\/index.php\/aides-de-jeu\/scenarios-de-la-communaute\/scenarios-historiques\/\" \/>\n<meta property=\"og:locale\" content=\"fr_FR\" \/>\n<meta property=\"og:type\" content=\"article\" \/>\n<meta property=\"og:title\" content=\"Historiques -\" \/>\n<meta property=\"og:description\" content=\"La Sc\u00e9narioth\u00e8que d&rsquo;Avantis SC\u00c9NARIO Historique Sc\u00e9narios centr\u00e9s sur un aspect historique de l&rsquo;univers d&rsquo;Avantis. Du sang et des larmes Nbre de joueurs : 3 \u00e0 4 | Dur\u00e9e : 6 heures | Avec pr\u00e9-tir\u00e9s inclus | T\u00e9l\u00e9charger le PDF &#8211; T\u00e9l\u00e9charger le Dossier complet En l\u2019an 285, \u00e0 la fin du printemps,, au sein d&rsquo;un [&hellip;]\" \/>\n<meta property=\"og:url\" content=\"https:\/\/avantis.world\/index.php\/aides-de-jeu\/scenarios-de-la-communaute\/scenarios-historiques\/\" \/>\n<meta property=\"article:modified_time\" content=\"2025-12-22T12:10:45+00:00\" \/>\n<meta name=\"twitter:card\" content=\"summary_large_image\" \/>\n<meta name=\"twitter:label1\" content=\"Dur\u00e9e de lecture estim\u00e9e\" \/>\n\t<meta name=\"twitter:data1\" content=\"2 minutes\" \/>\n<script type=\"application\/ld+json\" class=\"yoast-schema-graph\">{\"@context\":\"https:\\\/\\\/schema.org\",\"@graph\":[{\"@type\":\"WebPage\",\"@id\":\"https:\\\/\\\/avantis.world\\\/index.php\\\/aides-de-jeu\\\/scenarios-de-la-communaute\\\/scenarios-historiques\\\/\",\"url\":\"https:\\\/\\\/avantis.world\\\/index.php\\\/aides-de-jeu\\\/scenarios-de-la-communaute\\\/scenarios-historiques\\\/\",\"name\":\"Historiques -\",\"isPartOf\":{\"@id\":\"https:\\\/\\\/avantis.world\\\/#website\"},\"datePublished\":\"2025-12-11T12:33:46+00:00\",\"dateModified\":\"2025-12-22T12:10:45+00:00\",\"breadcrumb\":{\"@id\":\"https:\\\/\\\/avantis.world\\\/index.php\\\/aides-de-jeu\\\/scenarios-de-la-communaute\\\/scenarios-historiques\\\/#breadcrumb\"},\"inLanguage\":\"fr-FR\",\"potentialAction\":[{\"@type\":\"ReadAction\",\"target\":[\"https:\\\/\\\/avantis.world\\\/index.php\\\/aides-de-jeu\\\/scenarios-de-la-communaute\\\/scenarios-historiques\\\/\"]}]},{\"@type\":\"BreadcrumbList\",\"@id\":\"https:\\\/\\\/avantis.world\\\/index.php\\\/aides-de-jeu\\\/scenarios-de-la-communaute\\\/scenarios-historiques\\\/#breadcrumb\",\"itemListElement\":[{\"@type\":\"ListItem\",\"position\":1,\"name\":\"Accueil\",\"item\":\"https:\\\/\\\/avantis.world\\\/\"},{\"@type\":\"ListItem\",\"position\":2,\"name\":\"Aides de jeu\",\"item\":\"https:\\\/\\\/avantis.world\\\/index.php\\\/aides-de-jeu\\\/\"},{\"@type\":\"ListItem\",\"position\":3,\"name\":\"Sc\u00e9narios de la communaut\u00e9\",\"item\":\"https:\\\/\\\/avantis.world\\\/index.php\\\/aides-de-jeu\\\/scenarios-de-la-communaute\\\/\"},{\"@type\":\"ListItem\",\"position\":4,\"name\":\"Historiques\"}]},{\"@type\":\"WebSite\",\"@id\":\"https:\\\/\\\/avantis.world\\\/#website\",\"url\":\"https:\\\/\\\/avantis.world\\\/\",\"name\":\"\",\"description\":\"\",\"potentialAction\":[{\"@type\":\"SearchAction\",\"target\":{\"@type\":\"EntryPoint\",\"urlTemplate\":\"https:\\\/\\\/avantis.world\\\/?s={search_term_string}\"},\"query-input\":{\"@type\":\"PropertyValueSpecification\",\"valueRequired\":true,\"valueName\":\"search_term_string\"}}],\"inLanguage\":\"fr-FR\"}]}<\/script>\n<!-- \/ Yoast SEO plugin. -->","yoast_head_json":{"title":"Historiques -","robots":{"index":"index","follow":"follow","max-snippet":"max-snippet:-1","max-image-preview":"max-image-preview:large","max-video-preview":"max-video-preview:-1"},"canonical":"https:\/\/avantis.world\/index.php\/aides-de-jeu\/scenarios-de-la-communaute\/scenarios-historiques\/","og_locale":"fr_FR","og_type":"article","og_title":"Historiques -","og_description":"La Sc\u00e9narioth\u00e8que d&rsquo;Avantis SC\u00c9NARIO Historique Sc\u00e9narios centr\u00e9s sur un aspect historique de l&rsquo;univers d&rsquo;Avantis. Du sang et des larmes Nbre de joueurs : 3 \u00e0 4 | Dur\u00e9e : 6 heures | Avec pr\u00e9-tir\u00e9s inclus | T\u00e9l\u00e9charger le PDF &#8211; T\u00e9l\u00e9charger le Dossier complet En l\u2019an 285, \u00e0 la fin du printemps,, au sein d&rsquo;un [&hellip;]","og_url":"https:\/\/avantis.world\/index.php\/aides-de-jeu\/scenarios-de-la-communaute\/scenarios-historiques\/","article_modified_time":"2025-12-22T12:10:45+00:00","twitter_card":"summary_large_image","twitter_misc":{"Dur\u00e9e de lecture estim\u00e9e":"2 minutes"},"schema":{"@context":"https:\/\/schema.org","@graph":[{"@type":"WebPage","@id":"https:\/\/avantis.world\/index.php\/aides-de-jeu\/scenarios-de-la-communaute\/scenarios-historiques\/","url":"https:\/\/avantis.world\/index.php\/aides-de-jeu\/scenarios-de-la-communaute\/scenarios-historiques\/","name":"Historiques -","isPartOf":{"@id":"https:\/\/avantis.world\/#website"},"datePublished":"2025-12-11T12:33:46+00:00","dateModified":"2025-12-22T12:10:45+00:00","breadcrumb":{"@id":"https:\/\/avantis.world\/index.php\/aides-de-jeu\/scenarios-de-la-communaute\/scenarios-historiques\/#breadcrumb"},"inLanguage":"fr-FR","potentialAction":[{"@type":"ReadAction","target":["https:\/\/avantis.world\/index.php\/aides-de-jeu\/scenarios-de-la-communaute\/scenarios-historiques\/"]}]},{"@type":"BreadcrumbList","@id":"https:\/\/avantis.world\/index.php\/aides-de-jeu\/scenarios-de-la-communaute\/scenarios-historiques\/#breadcrumb","itemListElement":[{"@type":"ListItem","position":1,"name":"Accueil","item":"https:\/\/avantis.world\/"},{"@type":"ListItem","position":2,"name":"Aides de jeu","item":"https:\/\/avantis.world\/index.php\/aides-de-jeu\/"},{"@type":"ListItem","position":3,"name":"Sc\u00e9narios de la communaut\u00e9","item":"https:\/\/avantis.world\/index.php\/aides-de-jeu\/scenarios-de-la-communaute\/"},{"@type":"ListItem","position":4,"name":"Historiques"}]},{"@type":"WebSite","@id":"https:\/\/avantis.world\/#website","url":"https:\/\/avantis.world\/","name":"","description":"","potentialAction":[{"@type":"SearchAction","target":{"@type":"EntryPoint","urlTemplate":"https:\/\/avantis.world\/?s={search_term_string}"},"query-input":{"@type":"PropertyValueSpecification","valueRequired":true,"valueName":"search_term_string"}}],"inLanguage":"fr-FR"}]}},"_links":{"self":[{"href":"https:\/\/avantis.world\/index.php\/wp-json\/wp\/v2\/pages\/2685","targetHints":{"allow":["GET"]}}],"collection":[{"href":"https:\/\/avantis.world\/index.php\/wp-json\/wp\/v2\/pages"}],"about":[{"href":"https:\/\/avantis.world\/index.php\/wp-json\/wp\/v2\/types\/page"}],"author":[{"embeddable":true,"href":"https:\/\/avantis.world\/index.php\/wp-json\/wp\/v2\/users\/1"}],"replies":[{"embeddable":true,"href":"https:\/\/avantis.world\/index.php\/wp-json\/wp\/v2\/comments?post=2685"}],"version-history":[{"count":24,"href":"https:\/\/avantis.world\/index.php\/wp-json\/wp\/v2\/pages\/2685\/revisions"}],"predecessor-version":[{"id":2925,"href":"https:\/\/avantis.world\/index.php\/wp-json\/wp\/v2\/pages\/2685\/revisions\/2925"}],"up":[{"embeddable":true,"href":"https:\/\/avantis.world\/index.php\/wp-json\/wp\/v2\/pages\/91"}],"wp:attachment":[{"href":"https:\/\/avantis.world\/index.php\/wp-json\/wp\/v2\/media?parent=2685"}],"curies":[{"name":"wp","href":"https:\/\/api.w.org\/{rel}","templated":true}]}}