{"id":1997,"date":"2024-01-30T13:08:19","date_gmt":"2024-01-30T12:08:19","guid":{"rendered":"https:\/\/avantis.world\/?page_id=1997"},"modified":"2024-02-05T12:38:45","modified_gmt":"2024-02-05T11:38:45","slug":"felincia-felidae","status":"publish","type":"page","link":"https:\/\/avantis.world\/index.php\/encyclopedie-davantis-world\/bestiaire\/felincia-felidae\/","title":{"rendered":"F\u00e9lincia (F\u00e9lidae)"},"content":{"rendered":"\t\t<div data-elementor-type=\"wp-page\" data-elementor-id=\"1997\" class=\"elementor elementor-1997\">\n\t\t\t\t<div class=\"elementor-element elementor-element-19985fea e-flex e-con-boxed e-con e-parent\" data-id=\"19985fea\" data-element_type=\"container\" data-e-type=\"container\">\n\t\t\t\t\t<div class=\"e-con-inner\">\n\t\t<div class=\"elementor-element elementor-element-71346cca e-con-full e-flex e-con e-child\" data-id=\"71346cca\" data-element_type=\"container\" data-e-type=\"container\" data-settings=\"{&quot;shape_divider_bottom&quot;:&quot;opacity-tilt&quot;}\">\n\t\t\t\t<div class=\"elementor-shape elementor-shape-bottom\" aria-hidden=\"true\" data-negative=\"false\">\n\t\t\t<svg xmlns=\"http:\/\/www.w3.org\/2000\/svg\" viewBox=\"0 0 2600 131.1\" preserveAspectRatio=\"none\">\n\t<path class=\"elementor-shape-fill\" d=\"M0 0L2600 0 2600 69.1 0 0z\"\/>\n\t<path class=\"elementor-shape-fill\" style=\"opacity:0.5\" d=\"M0 0L2600 0 2600 69.1 0 69.1z\"\/>\n\t<path class=\"elementor-shape-fill\" style=\"opacity:0.25\" d=\"M2600 0L0 0 0 130.1 2600 69.1z\"\/>\n<\/svg>\t\t<\/div>\n\t\t\t\t<div class=\"elementor-element elementor-element-35747ada elementor-widget__width-initial elementor-widget elementor-widget-sidebar\" data-id=\"35747ada\" data-element_type=\"widget\" data-e-type=\"widget\" data-settings=\"{&quot;_animation&quot;:&quot;none&quot;}\" data-widget_type=\"sidebar.default\">\n\t\t\t\t<div class=\"elementor-widget-container\">\n\t\t\t\t\t<div id=\"block-8\" class=\"sidebar-box widget_block clr\">\n<h2 class=\"wp-block-heading\">Le Grand Livre d'Avantis<\/h2>\n<\/div><div id=\"ocean_custom_menu-2\" class=\"sidebar-box widget-oceanwp-custom-menu custom-menu-widget clr\"><style type=\"text\/css\">.ocean_custom_menu-2 > ul > li > a, .custom-menu-widget .ocean_custom_menu-2 .dropdown-menu .sub-menu li a.menu-link{color:#dddddd;}.custom-menu-widget .ocean_custom_menu-2.oceanwp-custom-menu > ul.click-menu .open-this{color:#dddddd;}.ocean_custom_menu-2 > ul > li > a:hover, .custom-menu-widget .ocean_custom_menu-2 .dropdown-menu .sub-menu li a.menu-link:hover{color:#006699;}.custom-menu-widget .ocean_custom_menu-2.oceanwp-custom-menu > ul.click-menu .open-this:hover{color:#006699;}<\/style><div class=\"oceanwp-custom-menu clr ocean_custom_menu-2 left dropdown-hover\"><ul id=\"menu-encyclopedie\" class=\"dropdown-menu sf-menu\"><li  id=\"menu-item-375\" class=\"menu-item menu-item-type-post_type menu-item-object-page menu-item-375\"><a href=\"https:\/\/avantis.world\/index.php\/encyclopedie-davantis-world\/\" class=\"menu-link\">Accueil<\/a><\/li>\n<li  id=\"menu-item-1082\" class=\"menu-item menu-item-type-post_type menu-item-object-page menu-item-1082\"><a href=\"https:\/\/avantis.world\/index.php\/encyclopedie-davantis-world\/topographie\/\" class=\"menu-link\">Topographie<\/a><\/li>\n<li  id=\"menu-item-1598\" class=\"menu-item menu-item-type-post_type menu-item-object-page menu-item-1598\"><a href=\"https:\/\/avantis.world\/index.php\/encyclopedie-davantis-world\/histoire\/\" class=\"menu-link\">Histoire<\/a><\/li>\n<li  id=\"menu-item-1081\" class=\"menu-item menu-item-type-post_type menu-item-object-page menu-item-1081\"><a href=\"https:\/\/avantis.world\/index.php\/encyclopedie-davantis-world\/personnages\/\" class=\"menu-link\">Peuples et cultures<\/a><\/li>\n<li  id=\"menu-item-877\" class=\"menu-item menu-item-type-post_type menu-item-object-page menu-item-877\"><a href=\"https:\/\/avantis.world\/index.php\/encyclopedie-davantis-world\/personnages-illustres\/\" class=\"menu-link\">Personnages Illustres<\/a><\/li>\n<li  id=\"menu-item-1599\" class=\"menu-item menu-item-type-post_type menu-item-object-page menu-item-1599\"><a href=\"https:\/\/avantis.world\/index.php\/encyclopedie-davantis-world\/religions-et-croyances\/\" class=\"menu-link\">Religions et croyances<\/a><\/li>\n<li  id=\"menu-item-1600\" class=\"menu-item menu-item-type-post_type menu-item-object-page menu-item-1600\"><a href=\"https:\/\/avantis.world\/index.php\/encyclopedie-davantis-world\/bestiaire\/\" class=\"menu-link\">Bestiaire<\/a><\/li>\n<li  id=\"menu-item-1601\" class=\"menu-item menu-item-type-post_type menu-item-object-page menu-item-1601\"><a href=\"https:\/\/avantis.world\/index.php\/encyclopedie-davantis-world\/flore\/\" class=\"menu-link\">Flore<\/a><\/li>\n<li  id=\"menu-item-1602\" class=\"menu-item menu-item-type-post_type menu-item-object-page menu-item-1602\"><a href=\"https:\/\/avantis.world\/index.php\/encyclopedie-davantis-world\/climat-et-biomes\/\" class=\"menu-link\">Climats et biomes<\/a><\/li>\n<li  id=\"menu-item-1597\" class=\"menu-item menu-item-type-post_type menu-item-object-page menu-item-1597\"><a href=\"https:\/\/avantis.world\/index.php\/encyclopedie-davantis-world\/arcanes-et-pouvoirs-de-lesprit\/\" class=\"menu-link\">Arcanes et Pouvoirs de l\u2019esprit<\/a><\/li>\n<li  id=\"menu-item-1609\" class=\"menu-item menu-item-type-post_type menu-item-object-page menu-item-1609\"><a href=\"https:\/\/avantis.world\/index.php\/encyclopedie-davantis-world\/economie-et-commerce\/\" class=\"menu-link\">Economie et Commerce<\/a><\/li>\n<li  id=\"menu-item-1784\" class=\"menu-item menu-item-type-post_type menu-item-object-page menu-item-1784\"><a href=\"https:\/\/avantis.world\/index.php\/encyclopedie-davantis-world\/sports-et-loisirs\/\" class=\"menu-link\">Sports et loisirs<\/a><\/li>\n<li  id=\"menu-item-1610\" class=\"menu-item menu-item-type-post_type menu-item-object-page menu-item-1610\"><a href=\"https:\/\/avantis.world\/index.php\/encyclopedie-davantis-world\/art-et-culture\/\" class=\"menu-link\">Art et Culture<\/a><\/li>\n<li  id=\"menu-item-876\" class=\"menu-item menu-item-type-post_type menu-item-object-page menu-item-876\"><a href=\"https:\/\/avantis.world\/index.php\/encyclopedie-davantis-world\/mythes-legendes-et-litterature\/\" class=\"menu-link\">Mythes, L\u00e9gendes et litt\u00e9rature<\/a><\/li>\n<li  id=\"menu-item-1611\" class=\"menu-item menu-item-type-post_type menu-item-object-page menu-item-1611\"><a href=\"https:\/\/avantis.world\/index.php\/encyclopedie-davantis-world\/technologie-et-innovations\/\" class=\"menu-link\">Technologie et Innovations<\/a><\/li>\n<li  id=\"menu-item-779\" class=\"menu-item menu-item-type-taxonomy menu-item-object-category menu-item-779\"><a href=\"https:\/\/avantis.world\/index.php\/category\/l-univers\/encyclopedie\/lexique\/\" class=\"menu-link\">Lexique<\/a><\/li>\n<\/ul><\/div><\/div>\t\t\t\t<\/div>\n\t\t\t\t<\/div>\n\t\t\t\t<\/div>\n\t\t<div class=\"elementor-element elementor-element-708f3b73 e-con-full e-flex e-con e-child\" data-id=\"708f3b73\" data-element_type=\"container\" data-e-type=\"container\">\n\t\t\t\t<div class=\"elementor-element elementor-element-5544803f elementor-widget elementor-widget-spacer\" data-id=\"5544803f\" data-element_type=\"widget\" data-e-type=\"widget\" data-widget_type=\"spacer.default\">\n\t\t\t\t<div class=\"elementor-widget-container\">\n\t\t\t\t\t\t\t<div class=\"elementor-spacer\">\n\t\t\t<div class=\"elementor-spacer-inner\"><\/div>\n\t\t<\/div>\n\t\t\t\t\t\t<\/div>\n\t\t\t\t<\/div>\n\t\t\t\t<div class=\"elementor-element elementor-element-100e95f5 elementor-align-right elementor-widget elementor-widget-button\" data-id=\"100e95f5\" data-element_type=\"widget\" data-e-type=\"widget\" data-widget_type=\"button.default\">\n\t\t\t\t<div class=\"elementor-widget-container\">\n\t\t\t\t\t\t\t\t\t<div class=\"elementor-button-wrapper\">\n\t\t\t\t\t<a class=\"elementor-button elementor-button-link elementor-size-sm\" href=\"https:\/\/avantis.world\/index.php\/encyclopedie-davantis-world\/bestiaire\/\">\n\t\t\t\t\t\t<span class=\"elementor-button-content-wrapper\">\n\t\t\t\t\t\t\t\t\t<span class=\"elementor-button-text\">Retour<\/span>\n\t\t\t\t\t<\/span>\n\t\t\t\t\t<\/a>\n\t\t\t\t<\/div>\n\t\t\t\t\t\t\t\t<\/div>\n\t\t\t\t<\/div>\n\t\t\t\t<\/div>\n\t\t<div class=\"elementor-element elementor-element-7545f96b e-con-full e-flex e-con e-child\" data-id=\"7545f96b\" data-element_type=\"container\" data-e-type=\"container\">\n\t\t\t\t<div class=\"elementor-element elementor-element-19e7a7ba elementor-widget elementor-widget-heading\" data-id=\"19e7a7ba\" data-element_type=\"widget\" data-e-type=\"widget\" data-widget_type=\"heading.default\">\n\t\t\t\t<div class=\"elementor-widget-container\">\n\t\t\t\t\t<h1 class=\"elementor-heading-title elementor-size-default\">F\u00e9lincia (F\u00e9lidae)<\/h1>\t\t\t\t<\/div>\n\t\t\t\t<\/div>\n\t\t\t\t<div class=\"elementor-element elementor-element-67944a7 elementor-widget elementor-widget-text-editor\" data-id=\"67944a7\" data-element_type=\"widget\" data-e-type=\"widget\" data-widget_type=\"text-editor.default\">\n\t\t\t\t<div class=\"elementor-widget-container\">\n\t\t\t\t\t\t\t\t\t<p><span style=\"font-weight: 400;\"><strong>Apparence :<\/strong> Un f\u00e9lin \u00e0 quatre pattes, avec une fourrure douce et duveteuse. Il a une couleur marron, beige ou rousse, avec parfois des taches ou des rayures plus claires. Il a des yeux ronds et curieux, un museau court et des oreilles pointues. Il a une queue longue et touffue, qui lui sert de balancier. Il est devenu tr\u00e8s pris\u00e9 par la bourgeoisie des cit\u00e9s, devenant un animal de compagnie.<\/span><\/p><p>\u00a0<\/p><p><span style=\"font-weight: 400;\"><strong>Taille :<\/strong> Petit (40 cm, 3 kg)<\/span><\/p><p><span style=\"font-weight: 400;\"><strong>Lieu de vie :<\/strong> For\u00eat, Peupl\u00e9<\/span><\/p><p><span style=\"font-weight: 400;\"><strong>Dur\u00e9e de vie :<\/strong> 10 ans<\/span><\/p><p><span style=\"font-weight: 400;\"><strong>Alimentation :<\/strong> Omnivore, il se nourrit de noix, de fruits, de graines, d\u2019insectes et de petits rongeurs.<\/span><\/p><p><span style=\"font-weight: 400;\"><strong>Butin :<\/strong> Viande fra\u00eeche, Fourrure d\u00e9licate<\/span><\/p><p><span style=\"font-weight: 400;\"><strong>Type de rencontre :<\/strong> Pr\u00e9dateur<\/span><\/p><p><span style=\"font-weight: 400;\"><strong>Rang :<\/strong> 1 \u00e0 2<\/span><\/p><p><span style=\"font-weight: 400;\"><strong>Temp\u00e9rament :<\/strong> Craintif, Intelligent, Vif<\/span><\/p><p><span style=\"font-weight: 400;\"><strong>Comp\u00e9tence sp\u00e9ciale :<\/strong> Il peut grimper aux arbres et sauter de branche en branche, en utilisant ses griffes et sa queue comme appui. Il peut aussi communiquer avec ses cong\u00e9n\u00e8res par des cris, des sifflements et des gestes.<\/span><\/p><p><span style=\"font-weight: 400;\"><strong>Monture :<\/strong> Non<\/span><\/p><p><span style=\"font-weight: 400;\"><strong>Vitesse de d\u00e9placement :<\/strong> 20 km\/h<\/span><\/p><p><span style=\"font-weight: 400;\"><strong>Prix achat \/ vente :<\/strong> 10000 Sol<\/span><\/p>\t\t\t\t\t\t\t\t<\/div>\n\t\t\t\t<\/div>\n\t\t\t\t<\/div>\n\t\t\t\t\t<\/div>\n\t\t\t\t<\/div>\n\t\t\t\t<\/div>\n\t\t","protected":false},"excerpt":{"rendered":"<p>Retour F\u00e9lincia (F\u00e9lidae) Apparence : Un f\u00e9lin \u00e0 quatre pattes, avec une fourrure douce et duveteuse. Il a une couleur marron, beige ou rousse, avec parfois des taches ou des rayures plus claires. Il a des yeux ronds et curieux, un museau court et des oreilles pointues. Il a une queue longue et touffue, qui [&hellip;]<\/p>\n","protected":false},"author":1,"featured_media":0,"parent":1591,"menu_order":133,"comment_status":"closed","ping_status":"closed","template":"","meta":{"ocean_post_layout":"","ocean_both_sidebars_style":"","ocean_both_sidebars_content_width":0,"ocean_both_sidebars_sidebars_width":0,"ocean_sidebar":"","ocean_second_sidebar":"","ocean_disable_margins":"enable","ocean_add_body_class":"","ocean_shortcode_before_top_bar":"","ocean_shortcode_after_top_bar":"","ocean_shortcode_before_header":"","ocean_shortcode_after_header":"","ocean_has_shortcode":"","ocean_shortcode_after_title":"","ocean_shortcode_before_footer_widgets":"","ocean_shortcode_after_footer_widgets":"","ocean_shortcode_before_footer_bottom":"","ocean_shortcode_after_footer_bottom":"","ocean_display_top_bar":"default","ocean_display_header":"default","ocean_header_style":"","ocean_center_header_left_menu":"","ocean_custom_header_template":"","ocean_custom_logo":0,"ocean_custom_retina_logo":0,"ocean_custom_logo_max_width":0,"ocean_custom_logo_tablet_max_width":0,"ocean_custom_logo_mobile_max_width":0,"ocean_custom_logo_max_height":0,"ocean_custom_logo_tablet_max_height":0,"ocean_custom_logo_mobile_max_height":0,"ocean_header_custom_menu":"","ocean_menu_typo_font_family":"","ocean_menu_typo_font_subset":"","ocean_menu_typo_font_size":0,"ocean_menu_typo_font_size_tablet":0,"ocean_menu_typo_font_size_mobile":0,"ocean_menu_typo_font_size_unit":"px","ocean_menu_typo_font_weight":"","ocean_menu_typo_font_weight_tablet":"","ocean_menu_typo_font_weight_mobile":"","ocean_menu_typo_transform":"","ocean_menu_typo_transform_tablet":"","ocean_menu_typo_transform_mobile":"","ocean_menu_typo_line_height":0,"ocean_menu_typo_line_height_tablet":0,"ocean_menu_typo_line_height_mobile":0,"ocean_menu_typo_line_height_unit":"","ocean_menu_typo_spacing":0,"ocean_menu_typo_spacing_tablet":0,"ocean_menu_typo_spacing_mobile":0,"ocean_menu_typo_spacing_unit":"","ocean_menu_link_color":"","ocean_menu_link_color_hover":"","ocean_menu_link_color_active":"","ocean_menu_link_background":"","ocean_menu_link_hover_background":"","ocean_menu_link_active_background":"","ocean_menu_social_links_bg":"","ocean_menu_social_hover_links_bg":"","ocean_menu_social_links_color":"","ocean_menu_social_hover_links_color":"","ocean_disable_title":"default","ocean_disable_heading":"default","ocean_post_title":"","ocean_post_subheading":"","ocean_post_title_style":"","ocean_post_title_background_color":"","ocean_post_title_background":0,"ocean_post_title_bg_image_position":"","ocean_post_title_bg_image_attachment":"","ocean_post_title_bg_image_repeat":"","ocean_post_title_bg_image_size":"","ocean_post_title_height":0,"ocean_post_title_bg_overlay":0.5,"ocean_post_title_bg_overlay_color":"","ocean_disable_breadcrumbs":"default","ocean_breadcrumbs_color":"","ocean_breadcrumbs_separator_color":"","ocean_breadcrumbs_links_color":"","ocean_breadcrumbs_links_hover_color":"","ocean_display_footer_widgets":"default","ocean_display_footer_bottom":"default","ocean_custom_footer_template":"","footnotes":""},"class_list":["post-1997","page","type-page","status-publish","hentry","entry"],"yoast_head":"<!-- This site is optimized with the Yoast SEO plugin v27.5 - https:\/\/yoast.com\/product\/yoast-seo-wordpress\/ -->\n<title>F\u00e9lincia (F\u00e9lidae) -<\/title>\n<meta name=\"robots\" content=\"index, follow, max-snippet:-1, max-image-preview:large, max-video-preview:-1\" \/>\n<link rel=\"canonical\" href=\"https:\/\/avantis.world\/index.php\/encyclopedie-davantis-world\/bestiaire\/felincia-felidae\/\" \/>\n<meta property=\"og:locale\" content=\"fr_FR\" \/>\n<meta property=\"og:type\" content=\"article\" \/>\n<meta property=\"og:title\" content=\"F\u00e9lincia (F\u00e9lidae) -\" \/>\n<meta property=\"og:description\" content=\"Retour F\u00e9lincia (F\u00e9lidae) Apparence : Un f\u00e9lin \u00e0 quatre pattes, avec une fourrure douce et duveteuse. Il a une couleur marron, beige ou rousse, avec parfois des taches ou des rayures plus claires. Il a des yeux ronds et curieux, un museau court et des oreilles pointues. Il a une queue longue et touffue, qui [&hellip;]\" \/>\n<meta property=\"og:url\" content=\"https:\/\/avantis.world\/index.php\/encyclopedie-davantis-world\/bestiaire\/felincia-felidae\/\" \/>\n<meta property=\"article:modified_time\" content=\"2024-02-05T11:38:45+00:00\" \/>\n<meta name=\"twitter:card\" content=\"summary_large_image\" \/>\n<meta name=\"twitter:label1\" content=\"Dur\u00e9e de lecture estim\u00e9e\" \/>\n\t<meta name=\"twitter:data1\" content=\"2 minutes\" \/>\n<script type=\"application\/ld+json\" class=\"yoast-schema-graph\">{\"@context\":\"https:\\\/\\\/schema.org\",\"@graph\":[{\"@type\":\"WebPage\",\"@id\":\"https:\\\/\\\/avantis.world\\\/index.php\\\/encyclopedie-davantis-world\\\/bestiaire\\\/felincia-felidae\\\/\",\"url\":\"https:\\\/\\\/avantis.world\\\/index.php\\\/encyclopedie-davantis-world\\\/bestiaire\\\/felincia-felidae\\\/\",\"name\":\"F\u00e9lincia (F\u00e9lidae) -\",\"isPartOf\":{\"@id\":\"https:\\\/\\\/avantis.world\\\/#website\"},\"datePublished\":\"2024-01-30T12:08:19+00:00\",\"dateModified\":\"2024-02-05T11:38:45+00:00\",\"breadcrumb\":{\"@id\":\"https:\\\/\\\/avantis.world\\\/index.php\\\/encyclopedie-davantis-world\\\/bestiaire\\\/felincia-felidae\\\/#breadcrumb\"},\"inLanguage\":\"fr-FR\",\"potentialAction\":[{\"@type\":\"ReadAction\",\"target\":[\"https:\\\/\\\/avantis.world\\\/index.php\\\/encyclopedie-davantis-world\\\/bestiaire\\\/felincia-felidae\\\/\"]}]},{\"@type\":\"BreadcrumbList\",\"@id\":\"https:\\\/\\\/avantis.world\\\/index.php\\\/encyclopedie-davantis-world\\\/bestiaire\\\/felincia-felidae\\\/#breadcrumb\",\"itemListElement\":[{\"@type\":\"ListItem\",\"position\":1,\"name\":\"Accueil\",\"item\":\"https:\\\/\\\/avantis.world\\\/\"},{\"@type\":\"ListItem\",\"position\":2,\"name\":\"Encyclop\u00e9die AW\",\"item\":\"https:\\\/\\\/avantis.world\\\/index.php\\\/encyclopedie-davantis-world\\\/\"},{\"@type\":\"ListItem\",\"position\":3,\"name\":\"Bestiaire\",\"item\":\"https:\\\/\\\/avantis.world\\\/index.php\\\/encyclopedie-davantis-world\\\/bestiaire\\\/\"},{\"@type\":\"ListItem\",\"position\":4,\"name\":\"F\u00e9lincia (F\u00e9lidae)\"}]},{\"@type\":\"WebSite\",\"@id\":\"https:\\\/\\\/avantis.world\\\/#website\",\"url\":\"https:\\\/\\\/avantis.world\\\/\",\"name\":\"\",\"description\":\"\",\"potentialAction\":[{\"@type\":\"SearchAction\",\"target\":{\"@type\":\"EntryPoint\",\"urlTemplate\":\"https:\\\/\\\/avantis.world\\\/?s={search_term_string}\"},\"query-input\":{\"@type\":\"PropertyValueSpecification\",\"valueRequired\":true,\"valueName\":\"search_term_string\"}}],\"inLanguage\":\"fr-FR\"}]}<\/script>\n<!-- \/ Yoast SEO plugin. -->","yoast_head_json":{"title":"F\u00e9lincia (F\u00e9lidae) -","robots":{"index":"index","follow":"follow","max-snippet":"max-snippet:-1","max-image-preview":"max-image-preview:large","max-video-preview":"max-video-preview:-1"},"canonical":"https:\/\/avantis.world\/index.php\/encyclopedie-davantis-world\/bestiaire\/felincia-felidae\/","og_locale":"fr_FR","og_type":"article","og_title":"F\u00e9lincia (F\u00e9lidae) -","og_description":"Retour F\u00e9lincia (F\u00e9lidae) Apparence : Un f\u00e9lin \u00e0 quatre pattes, avec une fourrure douce et duveteuse. Il a une couleur marron, beige ou rousse, avec parfois des taches ou des rayures plus claires. Il a des yeux ronds et curieux, un museau court et des oreilles pointues. Il a une queue longue et touffue, qui [&hellip;]","og_url":"https:\/\/avantis.world\/index.php\/encyclopedie-davantis-world\/bestiaire\/felincia-felidae\/","article_modified_time":"2024-02-05T11:38:45+00:00","twitter_card":"summary_large_image","twitter_misc":{"Dur\u00e9e de lecture estim\u00e9e":"2 minutes"},"schema":{"@context":"https:\/\/schema.org","@graph":[{"@type":"WebPage","@id":"https:\/\/avantis.world\/index.php\/encyclopedie-davantis-world\/bestiaire\/felincia-felidae\/","url":"https:\/\/avantis.world\/index.php\/encyclopedie-davantis-world\/bestiaire\/felincia-felidae\/","name":"F\u00e9lincia (F\u00e9lidae) -","isPartOf":{"@id":"https:\/\/avantis.world\/#website"},"datePublished":"2024-01-30T12:08:19+00:00","dateModified":"2024-02-05T11:38:45+00:00","breadcrumb":{"@id":"https:\/\/avantis.world\/index.php\/encyclopedie-davantis-world\/bestiaire\/felincia-felidae\/#breadcrumb"},"inLanguage":"fr-FR","potentialAction":[{"@type":"ReadAction","target":["https:\/\/avantis.world\/index.php\/encyclopedie-davantis-world\/bestiaire\/felincia-felidae\/"]}]},{"@type":"BreadcrumbList","@id":"https:\/\/avantis.world\/index.php\/encyclopedie-davantis-world\/bestiaire\/felincia-felidae\/#breadcrumb","itemListElement":[{"@type":"ListItem","position":1,"name":"Accueil","item":"https:\/\/avantis.world\/"},{"@type":"ListItem","position":2,"name":"Encyclop\u00e9die AW","item":"https:\/\/avantis.world\/index.php\/encyclopedie-davantis-world\/"},{"@type":"ListItem","position":3,"name":"Bestiaire","item":"https:\/\/avantis.world\/index.php\/encyclopedie-davantis-world\/bestiaire\/"},{"@type":"ListItem","position":4,"name":"F\u00e9lincia (F\u00e9lidae)"}]},{"@type":"WebSite","@id":"https:\/\/avantis.world\/#website","url":"https:\/\/avantis.world\/","name":"","description":"","potentialAction":[{"@type":"SearchAction","target":{"@type":"EntryPoint","urlTemplate":"https:\/\/avantis.world\/?s={search_term_string}"},"query-input":{"@type":"PropertyValueSpecification","valueRequired":true,"valueName":"search_term_string"}}],"inLanguage":"fr-FR"}]}},"_links":{"self":[{"href":"https:\/\/avantis.world\/index.php\/wp-json\/wp\/v2\/pages\/1997","targetHints":{"allow":["GET"]}}],"collection":[{"href":"https:\/\/avantis.world\/index.php\/wp-json\/wp\/v2\/pages"}],"about":[{"href":"https:\/\/avantis.world\/index.php\/wp-json\/wp\/v2\/types\/page"}],"author":[{"embeddable":true,"href":"https:\/\/avantis.world\/index.php\/wp-json\/wp\/v2\/users\/1"}],"replies":[{"embeddable":true,"href":"https:\/\/avantis.world\/index.php\/wp-json\/wp\/v2\/comments?post=1997"}],"version-history":[{"count":4,"href":"https:\/\/avantis.world\/index.php\/wp-json\/wp\/v2\/pages\/1997\/revisions"}],"predecessor-version":[{"id":2273,"href":"https:\/\/avantis.world\/index.php\/wp-json\/wp\/v2\/pages\/1997\/revisions\/2273"}],"up":[{"embeddable":true,"href":"https:\/\/avantis.world\/index.php\/wp-json\/wp\/v2\/pages\/1591"}],"wp:attachment":[{"href":"https:\/\/avantis.world\/index.php\/wp-json\/wp\/v2\/media?parent=1997"}],"curies":[{"name":"wp","href":"https:\/\/api.w.org\/{rel}","templated":true}]}}