{"id":1337,"date":"2023-12-29T18:35:33","date_gmt":"2023-12-29T17:35:33","guid":{"rendered":"https:\/\/avantis.world\/?page_id=1337"},"modified":"2023-12-30T15:38:27","modified_gmt":"2023-12-30T14:38:27","slug":"prast","status":"publish","type":"page","link":"https:\/\/avantis.world\/index.php\/encyclopedie-davantis-world\/personnages\/prast\/","title":{"rendered":"Personnage-prast"},"content":{"rendered":"\t\t<div data-elementor-type=\"wp-page\" data-elementor-id=\"1337\" class=\"elementor elementor-1337\">\n\t\t\t\t<div class=\"elementor-element elementor-element-23d3d383 e-flex e-con-boxed e-con e-parent\" data-id=\"23d3d383\" data-element_type=\"container\" data-e-type=\"container\">\n\t\t\t\t\t<div class=\"e-con-inner\">\n\t\t<div class=\"elementor-element elementor-element-25a69e54 e-con-full e-flex e-con e-child\" data-id=\"25a69e54\" data-element_type=\"container\" data-e-type=\"container\" data-settings=\"{&quot;shape_divider_bottom&quot;:&quot;opacity-tilt&quot;}\">\n\t\t\t\t<div class=\"elementor-shape elementor-shape-bottom\" aria-hidden=\"true\" data-negative=\"false\">\n\t\t\t<svg xmlns=\"http:\/\/www.w3.org\/2000\/svg\" viewBox=\"0 0 2600 131.1\" preserveAspectRatio=\"none\">\n\t<path class=\"elementor-shape-fill\" d=\"M0 0L2600 0 2600 69.1 0 0z\"\/>\n\t<path class=\"elementor-shape-fill\" style=\"opacity:0.5\" d=\"M0 0L2600 0 2600 69.1 0 69.1z\"\/>\n\t<path class=\"elementor-shape-fill\" style=\"opacity:0.25\" d=\"M2600 0L0 0 0 130.1 2600 69.1z\"\/>\n<\/svg>\t\t<\/div>\n\t\t\t\t<div class=\"elementor-element elementor-element-4bb3a7ff elementor-widget__width-initial elementor-widget elementor-widget-sidebar\" data-id=\"4bb3a7ff\" data-element_type=\"widget\" data-e-type=\"widget\" data-settings=\"{&quot;_animation&quot;:&quot;none&quot;}\" data-widget_type=\"sidebar.default\">\n\t\t\t\t<div class=\"elementor-widget-container\">\n\t\t\t\t\t<div id=\"block-8\" class=\"sidebar-box widget_block clr\">\n<h2 class=\"wp-block-heading\">Le Grand Livre d'Avantis<\/h2>\n<\/div><div id=\"ocean_custom_menu-2\" class=\"sidebar-box widget-oceanwp-custom-menu custom-menu-widget clr\"><style type=\"text\/css\">.ocean_custom_menu-2 > ul > li > a, .custom-menu-widget .ocean_custom_menu-2 .dropdown-menu .sub-menu li a.menu-link{color:#dddddd;}.custom-menu-widget .ocean_custom_menu-2.oceanwp-custom-menu > ul.click-menu .open-this{color:#dddddd;}.ocean_custom_menu-2 > ul > li > a:hover, .custom-menu-widget .ocean_custom_menu-2 .dropdown-menu .sub-menu li a.menu-link:hover{color:#006699;}.custom-menu-widget .ocean_custom_menu-2.oceanwp-custom-menu > ul.click-menu .open-this:hover{color:#006699;}<\/style><div class=\"oceanwp-custom-menu clr ocean_custom_menu-2 left dropdown-hover\"><ul id=\"menu-encyclopedie\" class=\"dropdown-menu sf-menu\"><li  id=\"menu-item-375\" class=\"menu-item menu-item-type-post_type menu-item-object-page menu-item-375\"><a href=\"https:\/\/avantis.world\/index.php\/encyclopedie-davantis-world\/\" class=\"menu-link\">Accueil<\/a><\/li>\n<li  id=\"menu-item-1082\" class=\"menu-item menu-item-type-post_type menu-item-object-page menu-item-1082\"><a href=\"https:\/\/avantis.world\/index.php\/encyclopedie-davantis-world\/topographie\/\" class=\"menu-link\">Topographie<\/a><\/li>\n<li  id=\"menu-item-1598\" class=\"menu-item menu-item-type-post_type menu-item-object-page menu-item-1598\"><a href=\"https:\/\/avantis.world\/index.php\/encyclopedie-davantis-world\/histoire\/\" class=\"menu-link\">Histoire<\/a><\/li>\n<li  id=\"menu-item-1081\" class=\"menu-item menu-item-type-post_type menu-item-object-page menu-item-1081\"><a href=\"https:\/\/avantis.world\/index.php\/encyclopedie-davantis-world\/personnages\/\" class=\"menu-link\">Peuples et cultures<\/a><\/li>\n<li  id=\"menu-item-877\" class=\"menu-item menu-item-type-post_type menu-item-object-page menu-item-877\"><a href=\"https:\/\/avantis.world\/index.php\/encyclopedie-davantis-world\/personnages-illustres\/\" class=\"menu-link\">Personnages Illustres<\/a><\/li>\n<li  id=\"menu-item-1599\" class=\"menu-item menu-item-type-post_type menu-item-object-page menu-item-1599\"><a href=\"https:\/\/avantis.world\/index.php\/encyclopedie-davantis-world\/religions-et-croyances\/\" class=\"menu-link\">Religions et croyances<\/a><\/li>\n<li  id=\"menu-item-1600\" class=\"menu-item menu-item-type-post_type menu-item-object-page menu-item-1600\"><a href=\"https:\/\/avantis.world\/index.php\/encyclopedie-davantis-world\/bestiaire\/\" class=\"menu-link\">Bestiaire<\/a><\/li>\n<li  id=\"menu-item-1601\" class=\"menu-item menu-item-type-post_type menu-item-object-page menu-item-1601\"><a href=\"https:\/\/avantis.world\/index.php\/encyclopedie-davantis-world\/flore\/\" class=\"menu-link\">Flore<\/a><\/li>\n<li  id=\"menu-item-1602\" class=\"menu-item menu-item-type-post_type menu-item-object-page menu-item-1602\"><a href=\"https:\/\/avantis.world\/index.php\/encyclopedie-davantis-world\/climat-et-biomes\/\" class=\"menu-link\">Climats et biomes<\/a><\/li>\n<li  id=\"menu-item-1597\" class=\"menu-item menu-item-type-post_type menu-item-object-page menu-item-1597\"><a href=\"https:\/\/avantis.world\/index.php\/encyclopedie-davantis-world\/arcanes-et-pouvoirs-de-lesprit\/\" class=\"menu-link\">Arcanes et Pouvoirs de l\u2019esprit<\/a><\/li>\n<li  id=\"menu-item-1609\" class=\"menu-item menu-item-type-post_type menu-item-object-page menu-item-1609\"><a href=\"https:\/\/avantis.world\/index.php\/encyclopedie-davantis-world\/economie-et-commerce\/\" class=\"menu-link\">Economie et Commerce<\/a><\/li>\n<li  id=\"menu-item-1784\" class=\"menu-item menu-item-type-post_type menu-item-object-page menu-item-1784\"><a href=\"https:\/\/avantis.world\/index.php\/encyclopedie-davantis-world\/sports-et-loisirs\/\" class=\"menu-link\">Sports et loisirs<\/a><\/li>\n<li  id=\"menu-item-1610\" class=\"menu-item menu-item-type-post_type menu-item-object-page menu-item-1610\"><a href=\"https:\/\/avantis.world\/index.php\/encyclopedie-davantis-world\/art-et-culture\/\" class=\"menu-link\">Art et Culture<\/a><\/li>\n<li  id=\"menu-item-876\" class=\"menu-item menu-item-type-post_type menu-item-object-page menu-item-876\"><a href=\"https:\/\/avantis.world\/index.php\/encyclopedie-davantis-world\/mythes-legendes-et-litterature\/\" class=\"menu-link\">Mythes, L\u00e9gendes et litt\u00e9rature<\/a><\/li>\n<li  id=\"menu-item-1611\" class=\"menu-item menu-item-type-post_type menu-item-object-page menu-item-1611\"><a href=\"https:\/\/avantis.world\/index.php\/encyclopedie-davantis-world\/technologie-et-innovations\/\" class=\"menu-link\">Technologie et Innovations<\/a><\/li>\n<li  id=\"menu-item-779\" class=\"menu-item menu-item-type-taxonomy menu-item-object-category menu-item-779\"><a href=\"https:\/\/avantis.world\/index.php\/category\/l-univers\/encyclopedie\/lexique\/\" class=\"menu-link\">Lexique<\/a><\/li>\n<\/ul><\/div><\/div>\t\t\t\t<\/div>\n\t\t\t\t<\/div>\n\t\t\t\t<\/div>\n\t\t<div class=\"elementor-element elementor-element-3782f3cf e-con-full e-flex e-con e-child\" data-id=\"3782f3cf\" data-element_type=\"container\" data-e-type=\"container\">\n\t\t\t\t<div class=\"elementor-element elementor-element-366e1c49 elementor-widget elementor-widget-spacer\" data-id=\"366e1c49\" data-element_type=\"widget\" data-e-type=\"widget\" data-widget_type=\"spacer.default\">\n\t\t\t\t<div class=\"elementor-widget-container\">\n\t\t\t\t\t\t\t<div class=\"elementor-spacer\">\n\t\t\t<div class=\"elementor-spacer-inner\"><\/div>\n\t\t<\/div>\n\t\t\t\t\t\t<\/div>\n\t\t\t\t<\/div>\n\t\t\t\t<div class=\"elementor-element elementor-element-da704ca elementor-widget elementor-widget-image\" data-id=\"da704ca\" data-element_type=\"widget\" data-e-type=\"widget\" data-widget_type=\"image.default\">\n\t\t\t\t<div class=\"elementor-widget-container\">\n\t\t\t\t\t\t\t\t\t\t\t\t\t\t\t<img fetchpriority=\"high\" decoding=\"async\" width=\"274\" height=\"352\" src=\"https:\/\/avantis.world\/wp-content\/uploads\/2023\/12\/prast.jpg\" class=\"attachment-large size-large wp-image-1224\" alt=\"\" srcset=\"https:\/\/avantis.world\/wp-content\/uploads\/2023\/12\/prast.jpg 274w, https:\/\/avantis.world\/wp-content\/uploads\/2023\/12\/prast-234x300.jpg 234w\" sizes=\"(max-width: 274px) 100vw, 274px\" \/>\t\t\t\t\t\t\t\t\t\t\t\t\t\t\t<\/div>\n\t\t\t\t<\/div>\n\t\t\t\t<\/div>\n\t\t<div class=\"elementor-element elementor-element-1903d4ae e-con-full e-flex e-con e-child\" data-id=\"1903d4ae\" data-element_type=\"container\" data-e-type=\"container\">\n\t\t\t\t<div class=\"elementor-element elementor-element-11c062f7 elementor-widget elementor-widget-heading\" data-id=\"11c062f7\" data-element_type=\"widget\" data-e-type=\"widget\" data-widget_type=\"heading.default\">\n\t\t\t\t<div class=\"elementor-widget-container\">\n\t\t\t\t\t<h1 class=\"elementor-heading-title elementor-size-default\">Les Pr\u00e4st<\/h1>\t\t\t\t<\/div>\n\t\t\t\t<\/div>\n\t\t\t\t<div class=\"elementor-element elementor-element-5393a68f elementor-widget elementor-widget-text-editor\" data-id=\"5393a68f\" data-element_type=\"widget\" data-e-type=\"widget\" data-widget_type=\"text-editor.default\">\n\t\t\t\t<div class=\"elementor-widget-container\">\n\t\t\t\t\t\t\t\t\t<p><span style=\"font-weight: 400;\">Les Pr\u00e4st sont les pr\u00eatres vou\u00e9s \u00e0 l&rsquo;adoration du Dieu Soleil. Ils sont responsables, par le biais de leurs pri\u00e8res, appel\u00e9es La B\u00f6n, de maintenir les bienfaits de la nature, en particulier ceux du Soleil.<\/span><\/p><p><span style=\"font-weight: 400;\">Ils ont \u00e9galement pour mission d&rsquo;enseigner le respect envers le <a href=\"https:\/\/avantis.world\/index.php\/encyclopedie-davantis-world\/religions-et-croyances\/\">Sol Hag<\/a> aux habitants de la cit\u00e9 et de veiller \u00e0 ce que chacun contribue \u00e0 l&rsquo;\u00e9panouissement de celle-ci. Les Pr\u00e4st sont aussi les <a href=\"https:\/\/avantis.world\/index.php\/encyclopedie-davantis-world\/personnages\/gardiens_lumiere\/\">gardiens<\/a> de la science et de la connaissance, assurant l&rsquo;enseignement de la lecture et de l&rsquo;\u00e9criture de la langue sacr\u00e9e. Bien que leur tenue puisse varier d&rsquo;une cit\u00e9 \u00e0 l&rsquo;autre, elle demeure toujours de couleur claire.<\/span><\/p><p><span style=\"font-weight: 400;\">Les Pr\u00e4st sont investis du pouvoir de juger les crimes et d\u00e9lits commis \u00e0 l&rsquo;int\u00e9rieur de l&rsquo;enceinte de la cit\u00e9.<\/span><\/p>\t\t\t\t\t\t\t\t<\/div>\n\t\t\t\t<\/div>\n\t\t<div class=\"elementor-element elementor-element-264e0419 e-flex e-con-boxed e-con e-child\" data-id=\"264e0419\" data-element_type=\"container\" data-e-type=\"container\">\n\t\t\t\t\t<div class=\"e-con-inner\">\n\t\t\t\t<div class=\"elementor-element elementor-element-6957eaf2 elementor-widget elementor-widget-text-editor\" data-id=\"6957eaf2\" data-element_type=\"widget\" data-e-type=\"widget\" data-widget_type=\"text-editor.default\">\n\t\t\t\t<div class=\"elementor-widget-container\">\n\t\t\t\t\t\t\t\t\t<p><span style=\"font-weight: 400;\">Article en lien :\u00a0<br \/><\/span><\/p>\t\t\t\t\t\t\t\t<\/div>\n\t\t\t\t<\/div>\n\t\t\t\t\t<\/div>\n\t\t\t\t<\/div>\n\t\t\t\t<\/div>\n\t\t\t\t\t<\/div>\n\t\t\t\t<\/div>\n\t\t\t\t<\/div>\n\t\t","protected":false},"excerpt":{"rendered":"<p>Les Pr\u00e4st Les Pr\u00e4st sont les pr\u00eatres vou\u00e9s \u00e0 l&rsquo;adoration du Dieu Soleil. Ils sont responsables, par le biais de leurs pri\u00e8res, appel\u00e9es La B\u00f6n, de maintenir les bienfaits de la nature, en particulier ceux du Soleil. Ils ont \u00e9galement pour mission d&rsquo;enseigner le respect envers le Sol Hag aux habitants de la cit\u00e9 et [&hellip;]<\/p>\n","protected":false},"author":1,"featured_media":0,"parent":301,"menu_order":4,"comment_status":"closed","ping_status":"closed","template":"","meta":{"ocean_post_layout":"","ocean_both_sidebars_style":"","ocean_both_sidebars_content_width":0,"ocean_both_sidebars_sidebars_width":0,"ocean_sidebar":"","ocean_second_sidebar":"","ocean_disable_margins":"enable","ocean_add_body_class":"","ocean_shortcode_before_top_bar":"","ocean_shortcode_after_top_bar":"","ocean_shortcode_before_header":"","ocean_shortcode_after_header":"","ocean_has_shortcode":"","ocean_shortcode_after_title":"","ocean_shortcode_before_footer_widgets":"","ocean_shortcode_after_footer_widgets":"","ocean_shortcode_before_footer_bottom":"","ocean_shortcode_after_footer_bottom":"","ocean_display_top_bar":"default","ocean_display_header":"default","ocean_header_style":"","ocean_center_header_left_menu":"","ocean_custom_header_template":"","ocean_custom_logo":0,"ocean_custom_retina_logo":0,"ocean_custom_logo_max_width":0,"ocean_custom_logo_tablet_max_width":0,"ocean_custom_logo_mobile_max_width":0,"ocean_custom_logo_max_height":0,"ocean_custom_logo_tablet_max_height":0,"ocean_custom_logo_mobile_max_height":0,"ocean_header_custom_menu":"","ocean_menu_typo_font_family":"","ocean_menu_typo_font_subset":"","ocean_menu_typo_font_size":0,"ocean_menu_typo_font_size_tablet":0,"ocean_menu_typo_font_size_mobile":0,"ocean_menu_typo_font_size_unit":"px","ocean_menu_typo_font_weight":"","ocean_menu_typo_font_weight_tablet":"","ocean_menu_typo_font_weight_mobile":"","ocean_menu_typo_transform":"","ocean_menu_typo_transform_tablet":"","ocean_menu_typo_transform_mobile":"","ocean_menu_typo_line_height":0,"ocean_menu_typo_line_height_tablet":0,"ocean_menu_typo_line_height_mobile":0,"ocean_menu_typo_line_height_unit":"","ocean_menu_typo_spacing":0,"ocean_menu_typo_spacing_tablet":0,"ocean_menu_typo_spacing_mobile":0,"ocean_menu_typo_spacing_unit":"","ocean_menu_link_color":"","ocean_menu_link_color_hover":"","ocean_menu_link_color_active":"","ocean_menu_link_background":"","ocean_menu_link_hover_background":"","ocean_menu_link_active_background":"","ocean_menu_social_links_bg":"","ocean_menu_social_hover_links_bg":"","ocean_menu_social_links_color":"","ocean_menu_social_hover_links_color":"","ocean_disable_title":"default","ocean_disable_heading":"default","ocean_post_title":"","ocean_post_subheading":"","ocean_post_title_style":"","ocean_post_title_background_color":"","ocean_post_title_background":0,"ocean_post_title_bg_image_position":"","ocean_post_title_bg_image_attachment":"","ocean_post_title_bg_image_repeat":"","ocean_post_title_bg_image_size":"","ocean_post_title_height":0,"ocean_post_title_bg_overlay":0.5,"ocean_post_title_bg_overlay_color":"","ocean_disable_breadcrumbs":"default","ocean_breadcrumbs_color":"","ocean_breadcrumbs_separator_color":"","ocean_breadcrumbs_links_color":"","ocean_breadcrumbs_links_hover_color":"","ocean_display_footer_widgets":"default","ocean_display_footer_bottom":"default","ocean_custom_footer_template":"","footnotes":""},"class_list":["post-1337","page","type-page","status-publish","hentry","entry"],"yoast_head":"<!-- This site is optimized with the Yoast SEO plugin v27.4 - https:\/\/yoast.com\/product\/yoast-seo-wordpress\/ -->\n<title>Personnage-prast -<\/title>\n<meta name=\"robots\" content=\"index, follow, max-snippet:-1, max-image-preview:large, max-video-preview:-1\" \/>\n<link rel=\"canonical\" href=\"https:\/\/avantis.world\/index.php\/encyclopedie-davantis-world\/personnages\/prast\/\" \/>\n<meta property=\"og:locale\" content=\"fr_FR\" \/>\n<meta property=\"og:type\" content=\"article\" \/>\n<meta property=\"og:title\" content=\"Personnage-prast -\" \/>\n<meta property=\"og:description\" content=\"Les Pr\u00e4st Les Pr\u00e4st sont les pr\u00eatres vou\u00e9s \u00e0 l&rsquo;adoration du Dieu Soleil. Ils sont responsables, par le biais de leurs pri\u00e8res, appel\u00e9es La B\u00f6n, de maintenir les bienfaits de la nature, en particulier ceux du Soleil. Ils ont \u00e9galement pour mission d&rsquo;enseigner le respect envers le Sol Hag aux habitants de la cit\u00e9 et [&hellip;]\" \/>\n<meta property=\"og:url\" content=\"https:\/\/avantis.world\/index.php\/encyclopedie-davantis-world\/personnages\/prast\/\" \/>\n<meta property=\"article:modified_time\" content=\"2023-12-30T14:38:27+00:00\" \/>\n<meta property=\"og:image\" content=\"http:\/\/avantis.world\/wp-content\/uploads\/2023\/12\/prast.jpg\" \/>\n<meta name=\"twitter:card\" content=\"summary_large_image\" \/>\n<meta name=\"twitter:label1\" content=\"Dur\u00e9e de lecture estim\u00e9e\" \/>\n\t<meta name=\"twitter:data1\" content=\"1 minute\" \/>\n<script type=\"application\/ld+json\" class=\"yoast-schema-graph\">{\"@context\":\"https:\\\/\\\/schema.org\",\"@graph\":[{\"@type\":\"WebPage\",\"@id\":\"https:\\\/\\\/avantis.world\\\/index.php\\\/encyclopedie-davantis-world\\\/personnages\\\/prast\\\/\",\"url\":\"https:\\\/\\\/avantis.world\\\/index.php\\\/encyclopedie-davantis-world\\\/personnages\\\/prast\\\/\",\"name\":\"Personnage-prast -\",\"isPartOf\":{\"@id\":\"https:\\\/\\\/avantis.world\\\/#website\"},\"primaryImageOfPage\":{\"@id\":\"https:\\\/\\\/avantis.world\\\/index.php\\\/encyclopedie-davantis-world\\\/personnages\\\/prast\\\/#primaryimage\"},\"image\":{\"@id\":\"https:\\\/\\\/avantis.world\\\/index.php\\\/encyclopedie-davantis-world\\\/personnages\\\/prast\\\/#primaryimage\"},\"thumbnailUrl\":\"http:\\\/\\\/avantis.world\\\/wp-content\\\/uploads\\\/2023\\\/12\\\/prast.jpg\",\"datePublished\":\"2023-12-29T17:35:33+00:00\",\"dateModified\":\"2023-12-30T14:38:27+00:00\",\"breadcrumb\":{\"@id\":\"https:\\\/\\\/avantis.world\\\/index.php\\\/encyclopedie-davantis-world\\\/personnages\\\/prast\\\/#breadcrumb\"},\"inLanguage\":\"fr-FR\",\"potentialAction\":[{\"@type\":\"ReadAction\",\"target\":[\"https:\\\/\\\/avantis.world\\\/index.php\\\/encyclopedie-davantis-world\\\/personnages\\\/prast\\\/\"]}]},{\"@type\":\"ImageObject\",\"inLanguage\":\"fr-FR\",\"@id\":\"https:\\\/\\\/avantis.world\\\/index.php\\\/encyclopedie-davantis-world\\\/personnages\\\/prast\\\/#primaryimage\",\"url\":\"http:\\\/\\\/avantis.world\\\/wp-content\\\/uploads\\\/2023\\\/12\\\/prast.jpg\",\"contentUrl\":\"http:\\\/\\\/avantis.world\\\/wp-content\\\/uploads\\\/2023\\\/12\\\/prast.jpg\"},{\"@type\":\"BreadcrumbList\",\"@id\":\"https:\\\/\\\/avantis.world\\\/index.php\\\/encyclopedie-davantis-world\\\/personnages\\\/prast\\\/#breadcrumb\",\"itemListElement\":[{\"@type\":\"ListItem\",\"position\":1,\"name\":\"Accueil\",\"item\":\"https:\\\/\\\/avantis.world\\\/\"},{\"@type\":\"ListItem\",\"position\":2,\"name\":\"Encyclop\u00e9die AW\",\"item\":\"https:\\\/\\\/avantis.world\\\/index.php\\\/encyclopedie-davantis-world\\\/\"},{\"@type\":\"ListItem\",\"position\":3,\"name\":\"PERSONNAGES\",\"item\":\"https:\\\/\\\/avantis.world\\\/index.php\\\/encyclopedie-davantis-world\\\/personnages\\\/\"},{\"@type\":\"ListItem\",\"position\":4,\"name\":\"Personnage-prast\"}]},{\"@type\":\"WebSite\",\"@id\":\"https:\\\/\\\/avantis.world\\\/#website\",\"url\":\"https:\\\/\\\/avantis.world\\\/\",\"name\":\"\",\"description\":\"\",\"potentialAction\":[{\"@type\":\"SearchAction\",\"target\":{\"@type\":\"EntryPoint\",\"urlTemplate\":\"https:\\\/\\\/avantis.world\\\/?s={search_term_string}\"},\"query-input\":{\"@type\":\"PropertyValueSpecification\",\"valueRequired\":true,\"valueName\":\"search_term_string\"}}],\"inLanguage\":\"fr-FR\"}]}<\/script>\n<!-- \/ Yoast SEO plugin. -->","yoast_head_json":{"title":"Personnage-prast -","robots":{"index":"index","follow":"follow","max-snippet":"max-snippet:-1","max-image-preview":"max-image-preview:large","max-video-preview":"max-video-preview:-1"},"canonical":"https:\/\/avantis.world\/index.php\/encyclopedie-davantis-world\/personnages\/prast\/","og_locale":"fr_FR","og_type":"article","og_title":"Personnage-prast -","og_description":"Les Pr\u00e4st Les Pr\u00e4st sont les pr\u00eatres vou\u00e9s \u00e0 l&rsquo;adoration du Dieu Soleil. Ils sont responsables, par le biais de leurs pri\u00e8res, appel\u00e9es La B\u00f6n, de maintenir les bienfaits de la nature, en particulier ceux du Soleil. Ils ont \u00e9galement pour mission d&rsquo;enseigner le respect envers le Sol Hag aux habitants de la cit\u00e9 et [&hellip;]","og_url":"https:\/\/avantis.world\/index.php\/encyclopedie-davantis-world\/personnages\/prast\/","article_modified_time":"2023-12-30T14:38:27+00:00","og_image":[{"url":"http:\/\/avantis.world\/wp-content\/uploads\/2023\/12\/prast.jpg","type":"","width":"","height":""}],"twitter_card":"summary_large_image","twitter_misc":{"Dur\u00e9e de lecture estim\u00e9e":"1 minute"},"schema":{"@context":"https:\/\/schema.org","@graph":[{"@type":"WebPage","@id":"https:\/\/avantis.world\/index.php\/encyclopedie-davantis-world\/personnages\/prast\/","url":"https:\/\/avantis.world\/index.php\/encyclopedie-davantis-world\/personnages\/prast\/","name":"Personnage-prast -","isPartOf":{"@id":"https:\/\/avantis.world\/#website"},"primaryImageOfPage":{"@id":"https:\/\/avantis.world\/index.php\/encyclopedie-davantis-world\/personnages\/prast\/#primaryimage"},"image":{"@id":"https:\/\/avantis.world\/index.php\/encyclopedie-davantis-world\/personnages\/prast\/#primaryimage"},"thumbnailUrl":"http:\/\/avantis.world\/wp-content\/uploads\/2023\/12\/prast.jpg","datePublished":"2023-12-29T17:35:33+00:00","dateModified":"2023-12-30T14:38:27+00:00","breadcrumb":{"@id":"https:\/\/avantis.world\/index.php\/encyclopedie-davantis-world\/personnages\/prast\/#breadcrumb"},"inLanguage":"fr-FR","potentialAction":[{"@type":"ReadAction","target":["https:\/\/avantis.world\/index.php\/encyclopedie-davantis-world\/personnages\/prast\/"]}]},{"@type":"ImageObject","inLanguage":"fr-FR","@id":"https:\/\/avantis.world\/index.php\/encyclopedie-davantis-world\/personnages\/prast\/#primaryimage","url":"http:\/\/avantis.world\/wp-content\/uploads\/2023\/12\/prast.jpg","contentUrl":"http:\/\/avantis.world\/wp-content\/uploads\/2023\/12\/prast.jpg"},{"@type":"BreadcrumbList","@id":"https:\/\/avantis.world\/index.php\/encyclopedie-davantis-world\/personnages\/prast\/#breadcrumb","itemListElement":[{"@type":"ListItem","position":1,"name":"Accueil","item":"https:\/\/avantis.world\/"},{"@type":"ListItem","position":2,"name":"Encyclop\u00e9die AW","item":"https:\/\/avantis.world\/index.php\/encyclopedie-davantis-world\/"},{"@type":"ListItem","position":3,"name":"PERSONNAGES","item":"https:\/\/avantis.world\/index.php\/encyclopedie-davantis-world\/personnages\/"},{"@type":"ListItem","position":4,"name":"Personnage-prast"}]},{"@type":"WebSite","@id":"https:\/\/avantis.world\/#website","url":"https:\/\/avantis.world\/","name":"","description":"","potentialAction":[{"@type":"SearchAction","target":{"@type":"EntryPoint","urlTemplate":"https:\/\/avantis.world\/?s={search_term_string}"},"query-input":{"@type":"PropertyValueSpecification","valueRequired":true,"valueName":"search_term_string"}}],"inLanguage":"fr-FR"}]}},"_links":{"self":[{"href":"https:\/\/avantis.world\/index.php\/wp-json\/wp\/v2\/pages\/1337","targetHints":{"allow":["GET"]}}],"collection":[{"href":"https:\/\/avantis.world\/index.php\/wp-json\/wp\/v2\/pages"}],"about":[{"href":"https:\/\/avantis.world\/index.php\/wp-json\/wp\/v2\/types\/page"}],"author":[{"embeddable":true,"href":"https:\/\/avantis.world\/index.php\/wp-json\/wp\/v2\/users\/1"}],"replies":[{"embeddable":true,"href":"https:\/\/avantis.world\/index.php\/wp-json\/wp\/v2\/comments?post=1337"}],"version-history":[{"count":5,"href":"https:\/\/avantis.world\/index.php\/wp-json\/wp\/v2\/pages\/1337\/revisions"}],"predecessor-version":[{"id":1422,"href":"https:\/\/avantis.world\/index.php\/wp-json\/wp\/v2\/pages\/1337\/revisions\/1422"}],"up":[{"embeddable":true,"href":"https:\/\/avantis.world\/index.php\/wp-json\/wp\/v2\/pages\/301"}],"wp:attachment":[{"href":"https:\/\/avantis.world\/index.php\/wp-json\/wp\/v2\/media?parent=1337"}],"curies":[{"name":"wp","href":"https:\/\/api.w.org\/{rel}","templated":true}]}}